{"id":731,"date":"2019-10-22T17:55:22","date_gmt":"2019-10-22T17:55:22","guid":{"rendered":"https:\/\/new.jeffcofamiliescolorado.org\/?page_id=731"},"modified":"2021-09-01T12:09:21","modified_gmt":"2021-09-01T18:09:21","slug":"events","status":"publish","type":"page","link":"https:\/\/triadbrightfutures.org\/es\/events\/","title":{"rendered":"Eventos"},"content":{"rendered":"<div class=\"call-to-action has-icon\">\n<p style=\"text-align: center;\"><strong><img decoding=\"async\" loading=\"lazy\" class=\"alignnone size-medium wp-image-1951\" src=\"https:\/\/triadbrightfutures.org\/wp-content\/uploads\/2021\/03\/001-book.svg\" alt=\"\" width=\"512\" height=\"512\" \/><\/strong><\/p>\n<p class=\"display-5\" style=\"text-align: center;\"><strong>La Biblioteca P\u00fablica de Jeffco tiene eventos virtuales todos los d\u00edas de la semana para ni\u00f1os y familias.<\/strong><\/p>\n<p style=\"text-align: center;\"><strong><a class=\"button\" href=\"https:\/\/triadbrightfutures.org\/es\/events\/library-events\/\">Aprende m\u00e1s<\/a><\/strong><\/p>\n<\/div>\n<div class=\"call-to-action has-icon palette-color-purple\">\n<p class=\"display-5\" style=\"text-align: center;\"><strong><img decoding=\"async\" loading=\"lazy\" class=\"alignnone size-medium wp-image-2176\" src=\"https:\/\/triadbrightfutures.org\/wp-content\/uploads\/2021\/04\/007-family-3.svg\" alt=\"\" width=\"512\" height=\"512\" \/>C\u00edrculo de padres - Grupo de padres\u00a0<\/strong><\/p>\n<p class=\"display-5\" style=\"text-align: center;\"><strong>Lunes 6:45 - 8:00 pm<\/strong><\/p>\n<p style=\"text-align: center;\">Este grupo de padres se re\u00fane semanalmente y es una oportunidad para conectarse con otros padres y expertos en desarrollo infantil que pueden responder sus preguntas y abordar sus inquietudes.<\/p>\n<p style=\"text-align: center;\">Para registrarse, llame a Families First en Shiloh House: 303-695-7996.<\/p>\n<p style=\"text-align: center;\"><a class=\"button\" href=\"https:\/\/shilohhouse.org\/familiesfirst\/\" target=\"_blank\" rel=\"noopener\"><strong>Inf\u00f3rmese\u00a0<\/strong><\/a><\/p>\n<\/div>\n<div>\n<p>&nbsp;<\/p>\n<\/div>\n<p class=\"display-5 heading-month\">\u00a0PROGRAMAS DE OTO\u00d1O<\/p>\n<p class=\"display-5\">Arte y animales<\/p>\n<p><strong>Viernes 17 de septiembre a las 6:00 pm | Un evento virtual\u00a0<\/strong><\/p>\n<p>\u00danase al autor Steve Jenkins y al ilustrador Robin Page en una actividad dise\u00f1ada para alentar a los ni\u00f1os a explorar la ciencia y crear un collage. <a href=\"https:\/\/jeffcolibrary.bibliocommons.com\/events\/6112fb1e2db4be2f00e96940?_ga=2.133520654.1854087847.1630443991-1631283069.1609985660\" target=\"_blank\" rel=\"noopener\">Haga clic aqu\u00ed para conocer m\u00e1s y registrarse<\/a>.<\/p>\n<hr \/>\n<p class=\"display-5\">Crianza del adolescente desafiante<\/p>\n<p><strong>21 de septiembre - 26 de octubre (serie de 6 semanas)<\/strong><br \/>\nMartes, 6: 00-7: 30 pm | 4575 Eliot St. Denver, CO 80211<\/p>\n<p><em>Para registrarse por favor llame <a href=\"https:\/\/shilohhouse.org\/familiesfirst\/\" target=\"_blank\" rel=\"noopener\">Familias primero en Shiloh House<\/a>: 303-695-7996.<\/em><\/p>\n<hr \/>\n<p class=\"heading-month display-5\">PROGRAMAS EN CURSO (\u00fanete en cualquier momento)<\/p>\n<p class=\"display-5\"><strong>Mama Circle\u00a0<\/strong><\/p>\n<p><em>Jueves, 10 - 11 a. M.\u00a0<\/em><\/p>\n<p>\u00a1Todas las mam\u00e1s son bienvenidas durante los primeros dos a\u00f1os del beb\u00e9!<\/p>\n<ul>\n<li>Encuentra esperanza si te sientes abrumado<\/li>\n<li>Con\u00e9ctese con otras mam\u00e1s, genere confianza y cree una red de apoyo<\/li>\n<li>Comprender la tristeza posparto frente a la depresi\u00f3n y la ansiedad perinatal<\/li>\n<\/ul>\n<p>Env\u00ede un correo electr\u00f3nico a Rayna <a href=\"mailto:raynaq@jcmh.org\">raynaq@jcmh.org<\/a> o tory <a href=\"mailto:victoriabe@jcmh.org\">victoriabe@jcmh.org<\/a> para informaci\u00f3n.<\/p>\n<hr \/>\n<p class=\"display-5\"><strong>Parenting with Confidence (para padres de ni\u00f1os de todas las edades)\u00a0<\/strong><\/p>\n<p><em>Mi\u00e9rcoles de 9 a 11 a. M.<\/em><\/p>\n<p>Aprenda habilidades para una crianza eficaz. Los temas incluyen crianza versus naturaleza, comunicaci\u00f3n, estilos de crianza, disciplina versus castigo, necesidades emocionales y autoestima. Para registrarse por favor llame <a href=\"https:\/\/shilohhouse.org\/familiesfirst\/\" target=\"_blank\" rel=\"noopener\">Familias primero en Shiloh House<\/a>: 303-695-7996.<\/p>\n<p class=\"heading-month display-5\">PR\u00d3XIMOS PROGRAMAS<\/p>\n<p class=\"display-5\"><strong>\u00a0The Incredible Years\u00ae Parent Group - Oto\u00f1o de 2021\u00a0<\/strong><\/p>\n<p>Las Escuelas P\u00fablicas de Jeffco presentan este grupo GRATUITO con el objetivo de fortalecer su relaci\u00f3n con su hijo mientras aprenden estrategias para prevenir problemas de conducta y promover el bienestar socioemocional y la preparaci\u00f3n escolar de los ni\u00f1os. Abierto a cuidadores que tengan un ni\u00f1o bajo su custodia entre las edades de 3 y 6 a\u00f1os.<\/p>\n<p>El grupo se reunir\u00e1 una vez a la semana durante 14 semanas en el oto\u00f1o de 2021. P\u00f3ngase en contacto con\u00a0<a href=\"mailto:joyw@jcmh.org\">joyw@jcmh.org<\/a>\u00a0o\u00a0<a href=\"mailto:brianaj@jcmh.org\">brianaj@jcmh.org<\/a> si est\u00e1s interesado.<\/p>\n<p>Aprender m\u00e1s acerca de <a href=\"https:\/\/www.incredibleyears.com\/about\/incredible-years-series\/\" target=\"_blank\" rel=\"noopener\">El programa The Incredible Years aqu\u00ed<\/a>.<\/p>","protected":false},"excerpt":{"rendered":"<p>La Biblioteca P\u00fablica de Jeffco tiene eventos virtuales todos los d\u00edas de la semana para ni\u00f1os y familias. Aprenda m\u00e1s Circle of Parents \u2013 Parenting Group Lunes 6:45 \u2013 8:00 pm Este grupo de padres se re\u00fane semanalmente y es una oportunidad para conectarse con otros padres y expertos en desarrollo infantil que pueden responder sus preguntas y abordar sus inquietudes. Para registrarse por favor [\u2026]<\/p>","protected":false},"author":1,"featured_media":0,"parent":0,"menu_order":0,"comment_status":"closed","ping_status":"closed","template":"template-flexible-content.php","meta":{"inline_featured_image":false,"footnotes":""},"acf":[],"yoast_head":"<!-- This site is optimized with the Yoast SEO plugin v21.4 - https:\/\/yoast.com\/wordpress\/plugins\/seo\/ -->\n<title>Events - Triad Bright Futures<\/title>\n<meta name=\"robots\" content=\"index, follow, max-snippet:-1, max-image-preview:large, max-video-preview:-1\" \/>\n<link rel=\"canonical\" href=\"https:\/\/triadbrightfutures.org\/es\/events\/\" \/>\n<meta property=\"og:locale\" content=\"es_MX\" \/>\n<meta property=\"og:type\" content=\"article\" \/>\n<meta property=\"og:title\" content=\"Events - Triad Bright Futures\" \/>\n<meta property=\"og:description\" content=\"Jeffco Public Library has virtual events every weekday for children and families. Learn more Circle of Parents &#8211; Parenting Group\u00a0 Mondays 6:45 &#8211; 8:00 p.m. This parenting group meets weekly and is an opportunity to connect with other parents and child development experts who can answer your questions and address your concerns. To register please [&hellip;]\" \/>\n<meta property=\"og:url\" content=\"https:\/\/triadbrightfutures.org\/es\/events\/\" \/>\n<meta property=\"og:site_name\" content=\"Triad Bright Futures\" \/>\n<meta property=\"article:publisher\" content=\"https:\/\/www.facebook.com\/TriadBrightFutures\/\" \/>\n<meta property=\"article:modified_time\" content=\"2021-09-01T18:09:21+00:00\" \/>\n<meta property=\"og:image\" content=\"https:\/\/triadbrightfutures.org\/wp-content\/uploads\/2021\/03\/001-book.svg\" \/>\n<meta name=\"twitter:card\" content=\"summary_large_image\" \/>\n<meta name=\"twitter:label1\" content=\"Tiempo de lectura\" \/>\n\t<meta name=\"twitter:data1\" content=\"2 minutos\" \/>\n<script type=\"application\/ld+json\" class=\"yoast-schema-graph\">{\"@context\":\"https:\/\/schema.org\",\"@graph\":[{\"@type\":\"WebPage\",\"@id\":\"https:\/\/triadbrightfutures.org\/events\/\",\"url\":\"https:\/\/triadbrightfutures.org\/events\/\",\"name\":\"Events - Triad Bright Futures\",\"isPartOf\":{\"@id\":\"https:\/\/triadbrightfutures.org\/#website\"},\"datePublished\":\"2019-10-22T17:55:22+00:00\",\"dateModified\":\"2021-09-01T18:09:21+00:00\",\"breadcrumb\":{\"@id\":\"https:\/\/triadbrightfutures.org\/events\/#breadcrumb\"},\"inLanguage\":\"es-MX\",\"potentialAction\":[{\"@type\":\"ReadAction\",\"target\":[\"https:\/\/triadbrightfutures.org\/events\/\"]}]},{\"@type\":\"BreadcrumbList\",\"@id\":\"https:\/\/triadbrightfutures.org\/events\/#breadcrumb\",\"itemListElement\":[{\"@type\":\"ListItem\",\"position\":1,\"name\":\"Home\",\"item\":\"https:\/\/triadbrightfutures.org\/\"},{\"@type\":\"ListItem\",\"position\":2,\"name\":\"Events\"}]},{\"@type\":\"WebSite\",\"@id\":\"https:\/\/triadbrightfutures.org\/#website\",\"url\":\"https:\/\/triadbrightfutures.org\/\",\"name\":\"Triad Bright Futures\",\"description\":\"\",\"publisher\":{\"@id\":\"https:\/\/triadbrightfutures.org\/#organization\"},\"potentialAction\":[{\"@type\":\"SearchAction\",\"target\":{\"@type\":\"EntryPoint\",\"urlTemplate\":\"https:\/\/triadbrightfutures.org\/?s={search_term_string}\"},\"query-input\":\"required name=search_term_string\"}],\"inLanguage\":\"es-MX\"},{\"@type\":\"Organization\",\"@id\":\"https:\/\/triadbrightfutures.org\/#organization\",\"name\":\"Triad Bright Futures\",\"url\":\"https:\/\/triadbrightfutures.org\/\",\"logo\":{\"@type\":\"ImageObject\",\"inLanguage\":\"es-MX\",\"@id\":\"https:\/\/triadbrightfutures.org\/#\/schema\/logo\/image\/\",\"url\":\"https:\/\/triadbrightfutures.org\/wp-content\/uploads\/2023\/02\/Triad_BrightFutures_Logo_Horiz_RGB-e1677602468189.png\",\"contentUrl\":\"https:\/\/triadbrightfutures.org\/wp-content\/uploads\/2023\/02\/Triad_BrightFutures_Logo_Horiz_RGB-e1677602468189.png\",\"width\":250,\"height\":81,\"caption\":\"Triad Bright Futures\"},\"image\":{\"@id\":\"https:\/\/triadbrightfutures.org\/#\/schema\/logo\/image\/\"},\"sameAs\":[\"https:\/\/www.facebook.com\/TriadBrightFutures\/\"]}]}<\/script>\n<!-- \/ Yoast SEO plugin. -->","yoast_head_json":{"title":"Events - Triad Bright Futures","robots":{"index":"index","follow":"follow","max-snippet":"max-snippet:-1","max-image-preview":"max-image-preview:large","max-video-preview":"max-video-preview:-1"},"canonical":"https:\/\/triadbrightfutures.org\/es\/events\/","og_locale":"es_MX","og_type":"article","og_title":"Events - Triad Bright Futures","og_description":"Jeffco Public Library has virtual events every weekday for children and families. Learn more Circle of Parents &#8211; Parenting Group\u00a0 Mondays 6:45 &#8211; 8:00 p.m. This parenting group meets weekly and is an opportunity to connect with other parents and child development experts who can answer your questions and address your concerns. To register please [&hellip;]","og_url":"https:\/\/triadbrightfutures.org\/es\/events\/","og_site_name":"Triad Bright Futures","article_publisher":"https:\/\/www.facebook.com\/TriadBrightFutures\/","article_modified_time":"2021-09-01T18:09:21+00:00","og_image":[{"url":"https:\/\/triadbrightfutures.org\/wp-content\/uploads\/2021\/03\/001-book.svg"}],"twitter_card":"summary_large_image","twitter_misc":{"Tiempo de lectura":"2 minutos"},"schema":{"@context":"https:\/\/schema.org","@graph":[{"@type":"WebPage","@id":"https:\/\/triadbrightfutures.org\/events\/","url":"https:\/\/triadbrightfutures.org\/events\/","name":"Events - Triad Bright Futures","isPartOf":{"@id":"https:\/\/triadbrightfutures.org\/#website"},"datePublished":"2019-10-22T17:55:22+00:00","dateModified":"2021-09-01T18:09:21+00:00","breadcrumb":{"@id":"https:\/\/triadbrightfutures.org\/events\/#breadcrumb"},"inLanguage":"es-MX","potentialAction":[{"@type":"ReadAction","target":["https:\/\/triadbrightfutures.org\/events\/"]}]},{"@type":"BreadcrumbList","@id":"https:\/\/triadbrightfutures.org\/events\/#breadcrumb","itemListElement":[{"@type":"ListItem","position":1,"name":"Home","item":"https:\/\/triadbrightfutures.org\/"},{"@type":"ListItem","position":2,"name":"Events"}]},{"@type":"WebSite","@id":"https:\/\/triadbrightfutures.org\/#website","url":"https:\/\/triadbrightfutures.org\/","name":"Triad Bright Futures","description":"","publisher":{"@id":"https:\/\/triadbrightfutures.org\/#organization"},"potentialAction":[{"@type":"SearchAction","target":{"@type":"EntryPoint","urlTemplate":"https:\/\/triadbrightfutures.org\/?s={search_term_string}"},"query-input":"required name=search_term_string"}],"inLanguage":"es-MX"},{"@type":"Organization","@id":"https:\/\/triadbrightfutures.org\/#organization","name":"Triad Bright Futures","url":"https:\/\/triadbrightfutures.org\/","logo":{"@type":"ImageObject","inLanguage":"es-MX","@id":"https:\/\/triadbrightfutures.org\/#\/schema\/logo\/image\/","url":"https:\/\/triadbrightfutures.org\/wp-content\/uploads\/2023\/02\/Triad_BrightFutures_Logo_Horiz_RGB-e1677602468189.png","contentUrl":"https:\/\/triadbrightfutures.org\/wp-content\/uploads\/2023\/02\/Triad_BrightFutures_Logo_Horiz_RGB-e1677602468189.png","width":250,"height":81,"caption":"Triad Bright Futures"},"image":{"@id":"https:\/\/triadbrightfutures.org\/#\/schema\/logo\/image\/"},"sameAs":["https:\/\/www.facebook.com\/TriadBrightFutures\/"]}]}},"_links":{"self":[{"href":"https:\/\/triadbrightfutures.org\/es\/wp-json\/wp\/v2\/pages\/731"}],"collection":[{"href":"https:\/\/triadbrightfutures.org\/es\/wp-json\/wp\/v2\/pages"}],"about":[{"href":"https:\/\/triadbrightfutures.org\/es\/wp-json\/wp\/v2\/types\/page"}],"author":[{"embeddable":true,"href":"https:\/\/triadbrightfutures.org\/es\/wp-json\/wp\/v2\/users\/1"}],"replies":[{"embeddable":true,"href":"https:\/\/triadbrightfutures.org\/es\/wp-json\/wp\/v2\/comments?post=731"}],"version-history":[{"count":0,"href":"https:\/\/triadbrightfutures.org\/es\/wp-json\/wp\/v2\/pages\/731\/revisions"}],"wp:attachment":[{"href":"https:\/\/triadbrightfutures.org\/es\/wp-json\/wp\/v2\/media?parent=731"}],"curies":[{"name":"wp","href":"https:\/\/api.w.org\/{rel}","templated":true}]}}