{"id":671,"date":"2019-10-22T02:16:18","date_gmt":"2019-10-22T02:16:18","guid":{"rendered":"https:\/\/new.jeffcofamiliescolorado.org\/?page_id=671"},"modified":"2024-04-29T14:02:08","modified_gmt":"2024-04-29T20:02:08","slug":"support-childrens-learning","status":"publish","type":"page","link":"https:\/\/triadbrightfutures.org\/es\/support-childrens-learning\/","title":{"rendered":"Apoyar el aprendizaje de los ni\u00f1os"},"content":{"rendered":"<section class=\"container development-ages\">\n\t\t\n\t\t<div class=\"icon-set-wrapper\">\n\n\t\t\t\n\t\t\t\t<div class=\"icon-wrapper range-1\">\n\n\t\t\t\t\t<a href=\"https:\/\/triadbrightfutures.org\/es\/support-childrens-learning\/0-4-months-how-babies-learn-and-develop\/\"><\/a>\n\t\t\t\t\t\n\t\t\t\t\t<div class=\"svg-icon\" style=\"background-color:#de783e; padding: 15px\"><img src=\"\/wp-content\/themes\/jeffco\/assets\/images\/svg\/ages-new\/0-4.svg\" style=\"margin-top: 0px\" \/><\/div>\n\t\t\t\t\t<p>0-4 meses<\/p>\n\t\t\t\t<\/div>\n\n\t\t\t\n\t\t\t\t<div class=\"icon-wrapper range-2\">\n\n\t\t\t\t\t<a href=\"https:\/\/triadbrightfutures.org\/es\/support-childrens-learning\/4-8-months-how-babies-learn-and-develop\/\"><\/a>\n\t\t\t\t\t\n\t\t\t\t\t<div class=\"svg-icon\" style=\"background-color:#ffd200; padding: 15px\"><img src=\"\/wp-content\/themes\/jeffco\/assets\/images\/svg\/ages-new\/4-8.svg\" style=\"margin-top: 0px\" \/><\/div>\n\t\t\t\t\t<p>4-8 meses<\/p>\n\t\t\t\t<\/div>\n\n\t\t\t\n\t\t\t\t<div class=\"icon-wrapper range-3\">\n\n\t\t\t\t\t<a href=\"https:\/\/triadbrightfutures.org\/es\/support-childrens-learning\/9-18-months-how-children-learn-and-develop\/\"><\/a>\n\t\t\t\t\t\n\t\t\t\t\t<div class=\"svg-icon\" style=\"background-color:#b2d235; padding: 22px\"><img src=\"\/wp-content\/themes\/jeffco\/assets\/images\/svg\/ages-new\/9-18.svg\" style=\"margin-top: 0px\" \/><\/div>\n\t\t\t\t\t<p>9-18 meses<\/p>\n\t\t\t\t<\/div>\n\n\t\t\t\n\t\t\t\t<div class=\"icon-wrapper range-4\">\n\n\t\t\t\t\t<a href=\"https:\/\/triadbrightfutures.org\/es\/support-childrens-learning\/19-36-months-how-children-learn-and-develop\/\"><\/a>\n\t\t\t\t\t\n\t\t\t\t\t<div class=\"svg-icon\" style=\"background-color:#6db4dd; padding: 17px\"><img src=\"\/wp-content\/themes\/jeffco\/assets\/images\/svg\/ages-new\/19-36.svg\" style=\"margin-top: 0px\" \/><\/div>\n\t\t\t\t\t<p>19-36 meses<\/p>\n\t\t\t\t<\/div>\n\n\t\t\t\n\t\t\t\t<div class=\"icon-wrapper range-5\">\n\n\t\t\t\t\t<a href=\"https:\/\/triadbrightfutures.org\/es\/support-childrens-learning\/3-5-years-how-children-learn-and-develop\/\"><\/a>\n\t\t\t\t\t\n\t\t\t\t\t<div class=\"svg-icon\" style=\"background-color:#7c51a0; padding: 20px\"><img src=\"\/wp-content\/themes\/jeffco\/assets\/images\/svg\/ages-new\/3-5-yrs.svg\" style=\"margin-top: -3px\" \/><\/div>\n\t\t\t\t\t<p>3-5 a\u00f1os<\/p>\n\t\t\t\t<\/div>\n\n\t\t\t\n\t\t\t\t<div class=\"icon-wrapper range-6\">\n\n\t\t\t\t\t<a href=\"https:\/\/triadbrightfutures.org\/es\/support-childrens-learning\/6-8-years-how-children-learn-and-develop\/\"><\/a>\n\t\t\t\t\t\n\t\t\t\t\t<div class=\"svg-icon\" style=\"background-color:#447b9e; padding: 22px\"><img src=\"\/wp-content\/themes\/jeffco\/assets\/images\/svg\/ages-new\/5-8-yrs.svg\" style=\"margin-top: -5px\" \/><\/div>\n\t\t\t\t\t<p>6-8 a\u00f1os<\/p>\n\t\t\t\t<\/div>\n\n\t\t\t\n\n\t\t<\/div>\n\n\t<\/section>\n\n\n\n<div class=\"call-to-action has-icon\">\n<p class=\"display-5 display-4\" style=\"text-align: center;\"><img decoding=\"async\" loading=\"lazy\" class=\"alignnone size-medium wp-image-1961\" src=\"https:\/\/triadbrightfutures.org\/wp-content\/uploads\/2021\/03\/015-educational-book.svg\" alt=\"\" width=\"512\" height=\"512\" \/>\u00a1Obtenga consejos, actividades e ideas para aprovechar al m\u00e1ximo los primeros a\u00f1os!<\/p>\n<p style=\"text-align: center;\">No importa qu\u00e9 papel tengamos en la vida de los ni\u00f1os, todos jugamos un papel importante en su desarrollo.<\/p>\n<p style=\"text-align: center;\">El PLAYbook es un gran recurso de las Pautas de Desarrollo y Aprendizaje Temprano de Colorado. \u00a1Obtenga consejos y actividades para apoyar el aprendizaje en todas las edades!<\/p>\n<p style=\"text-align: center;\"><strong><a class=\"button\" href=\"https:\/\/drive.google.com\/file\/d\/1OtgY-TBlwWKHCbyQ7eRSIO0mJfmLbs6M\/view\" target=\"_blank\" rel=\"noopener\">OBTENGA EL LIBRO DE JUEGOS<\/a><\/strong><\/p>\n<p style=\"text-align: center;\">El PLAYbook est\u00e1 disponible en <a href=\"https:\/\/drive.google.com\/file\/d\/1ge1OrnfhTodQO-iqjxmj1-bIiOCD6VOH\/view?usp=sharing\" target=\"_blank\" rel=\"noopener\" data-saferedirecturl=\"https:\/\/www.google.com\/url?q=https:\/\/drive.google.com\/file\/d\/1ge1OrnfhTodQO-iqjxmj1-bIiOCD6VOH\/view?usp%3Dsharing&amp;source=gmail&amp;ust=1714226253610000&amp;usg=AOvVaw3IFrHk4HBW8JMWJFMN6MOb\">Ingl\u00e9s<\/a>,\u00a0<a href=\"https:\/\/drive.google.com\/file\/d\/1OtgY-TBlwWKHCbyQ7eRSIO0mJfmLbs6M\/view?usp=sharing\" target=\"_blank\" rel=\"noopener\" data-saferedirecturl=\"https:\/\/www.google.com\/url?q=https:\/\/drive.google.com\/file\/d\/1OtgY-TBlwWKHCbyQ7eRSIO0mJfmLbs6M\/view?usp%3Dsharing&amp;source=gmail&amp;ust=1714226253610000&amp;usg=AOvVaw2NZ-HhjY5V0PCuKBxEOeRD\">Espa\u00f1ol<\/a>,\u00a0<a href=\"https:\/\/dcfs.my.salesforce.com\/sfc\/p\/410000012srR\/a\/4N000001O4hW\/ds_Kh2FqEvoNjExPSbIoVM7b9LVUuOf90TrNNKUUuWY\" target=\"_blank\" rel=\"noopener\" data-saferedirecturl=\"https:\/\/www.google.com\/url?q=https:\/\/dcfs.my.salesforce.com\/sfc\/p\/410000012srR\/a\/4N000001O4hW\/ds_Kh2FqEvoNjExPSbIoVM7b9LVUuOf90TrNNKUUuWY&amp;source=gmail&amp;ust=1714226253610000&amp;usg=AOvVaw3OVkzPYAk6Yl_v5e1XxPRb\">Ar\u00e1bica<\/a>,\u00a0<a href=\"https:\/\/dcfs.my.salesforce.com\/sfc\/p\/410000012srR\/a\/4N000001O4hb\/THW4k9_NKjW20Sm7MNV.AcqQ4FVZzzgRjM8NxMx0IsM\" target=\"_blank\" rel=\"noopener\" data-saferedirecturl=\"https:\/\/www.google.com\/url?q=https:\/\/dcfs.my.salesforce.com\/sfc\/p\/410000012srR\/a\/4N000001O4hb\/THW4k9_NKjW20Sm7MNV.AcqQ4FVZzzgRjM8NxMx0IsM&amp;source=gmail&amp;ust=1714226253610000&amp;usg=AOvVaw3maOXZnT4qYn-jfFozZ-vH\">k<wbr \/>are (birmano)<\/a>, y\u00a0<a href=\"https:\/\/dcfs.my.salesforce.com\/sfc\/p\/410000012srR\/a\/4N000001O4hg\/BjPzpyrFeDN7WKoW8pholHNpASfqBClY71yttyH.IoY\" target=\"_blank\" rel=\"noopener\" data-saferedirecturl=\"https:\/\/www.google.com\/url?q=https:\/\/dcfs.my.salesforce.com\/sfc\/p\/410000012srR\/a\/4N000001O4hg\/BjPzpyrFeDN7WKoW8pholHNpASfqBClY71yttyH.IoY&amp;source=gmail&amp;ust=1714226253610000&amp;usg=AOvVaw3N7xLHH2wEGd7ujmoVCmG7\">somal\u00ed<\/a><\/p>\n<\/div>","protected":false},"excerpt":{"rendered":"<p>\u00a1Obtenga consejos, actividades e ideas para aprovechar al m\u00e1ximo los primeros a\u00f1os! No importa qu\u00e9 papel tengamos en la vida de los ni\u00f1os, todos jugamos un papel importante en su desarrollo. El PLAYbook es un gran recurso de las Pautas de Desarrollo y Aprendizaje Temprano de Colorado. \u00a1Obtenga consejos y actividades para apoyar el aprendizaje en todas las edades! [\u2026]<\/p>","protected":false},"author":1,"featured_media":0,"parent":0,"menu_order":0,"comment_status":"closed","ping_status":"closed","template":"","meta":{"inline_featured_image":false,"footnotes":""},"acf":[],"yoast_head":"<!-- This site is optimized with the Yoast SEO plugin v21.4 - https:\/\/yoast.com\/wordpress\/plugins\/seo\/ -->\n<title>Support Children&#039;s Learning - Triad Bright Futures<\/title>\n<meta name=\"robots\" content=\"index, follow, max-snippet:-1, max-image-preview:large, max-video-preview:-1\" \/>\n<link rel=\"canonical\" href=\"https:\/\/triadbrightfutures.org\/es\/support-childrens-learning\/\" \/>\n<meta property=\"og:locale\" content=\"es_MX\" \/>\n<meta property=\"og:type\" content=\"article\" \/>\n<meta property=\"og:title\" content=\"Support Children&#039;s Learning - Triad Bright Futures\" \/>\n<meta property=\"og:description\" content=\"Get tips, activities and ideas to make the most out of the early years! No matter what role we have in children\u2019s lives we all play an important part in their development. The PLAYbook is a great resource from Colorado&#8217;s Early Learning and Development Guidelines. Get tips and activities to support learning at every age! [&hellip;]\" \/>\n<meta property=\"og:url\" content=\"https:\/\/triadbrightfutures.org\/es\/support-childrens-learning\/\" \/>\n<meta property=\"og:site_name\" content=\"Triad Bright Futures\" \/>\n<meta property=\"article:publisher\" content=\"https:\/\/www.facebook.com\/TriadBrightFutures\/\" \/>\n<meta property=\"article:modified_time\" content=\"2024-04-29T20:02:08+00:00\" \/>\n<meta property=\"og:image\" content=\"https:\/\/triadbrightfutures.org\/wp-content\/uploads\/2021\/03\/015-educational-book.svg\" \/>\n<meta name=\"twitter:card\" content=\"summary_large_image\" \/>\n<meta name=\"twitter:label1\" content=\"Tiempo de lectura\" \/>\n\t<meta name=\"twitter:data1\" content=\"1 minuto\" \/>\n<script type=\"application\/ld+json\" class=\"yoast-schema-graph\">{\"@context\":\"https:\/\/schema.org\",\"@graph\":[{\"@type\":\"WebPage\",\"@id\":\"https:\/\/triadbrightfutures.org\/support-childrens-learning\/\",\"url\":\"https:\/\/triadbrightfutures.org\/support-childrens-learning\/\",\"name\":\"Support Children's Learning - Triad Bright Futures\",\"isPartOf\":{\"@id\":\"https:\/\/triadbrightfutures.org\/#website\"},\"datePublished\":\"2019-10-22T02:16:18+00:00\",\"dateModified\":\"2024-04-29T20:02:08+00:00\",\"breadcrumb\":{\"@id\":\"https:\/\/triadbrightfutures.org\/support-childrens-learning\/#breadcrumb\"},\"inLanguage\":\"es-MX\",\"potentialAction\":[{\"@type\":\"ReadAction\",\"target\":[\"https:\/\/triadbrightfutures.org\/support-childrens-learning\/\"]}]},{\"@type\":\"BreadcrumbList\",\"@id\":\"https:\/\/triadbrightfutures.org\/support-childrens-learning\/#breadcrumb\",\"itemListElement\":[{\"@type\":\"ListItem\",\"position\":1,\"name\":\"Home\",\"item\":\"https:\/\/triadbrightfutures.org\/\"},{\"@type\":\"ListItem\",\"position\":2,\"name\":\"Support Children&#8217;s Learning\"}]},{\"@type\":\"WebSite\",\"@id\":\"https:\/\/triadbrightfutures.org\/#website\",\"url\":\"https:\/\/triadbrightfutures.org\/\",\"name\":\"Triad Bright Futures\",\"description\":\"\",\"publisher\":{\"@id\":\"https:\/\/triadbrightfutures.org\/#organization\"},\"potentialAction\":[{\"@type\":\"SearchAction\",\"target\":{\"@type\":\"EntryPoint\",\"urlTemplate\":\"https:\/\/triadbrightfutures.org\/?s={search_term_string}\"},\"query-input\":\"required name=search_term_string\"}],\"inLanguage\":\"es-MX\"},{\"@type\":\"Organization\",\"@id\":\"https:\/\/triadbrightfutures.org\/#organization\",\"name\":\"Triad Bright Futures\",\"url\":\"https:\/\/triadbrightfutures.org\/\",\"logo\":{\"@type\":\"ImageObject\",\"inLanguage\":\"es-MX\",\"@id\":\"https:\/\/triadbrightfutures.org\/#\/schema\/logo\/image\/\",\"url\":\"https:\/\/triadbrightfutures.org\/wp-content\/uploads\/2023\/02\/Triad_BrightFutures_Logo_Horiz_RGB-e1677602468189.png\",\"contentUrl\":\"https:\/\/triadbrightfutures.org\/wp-content\/uploads\/2023\/02\/Triad_BrightFutures_Logo_Horiz_RGB-e1677602468189.png\",\"width\":250,\"height\":81,\"caption\":\"Triad Bright Futures\"},\"image\":{\"@id\":\"https:\/\/triadbrightfutures.org\/#\/schema\/logo\/image\/\"},\"sameAs\":[\"https:\/\/www.facebook.com\/TriadBrightFutures\/\"]}]}<\/script>\n<!-- \/ Yoast SEO plugin. -->","yoast_head_json":{"title":"Support Children's Learning - Triad Bright Futures","robots":{"index":"index","follow":"follow","max-snippet":"max-snippet:-1","max-image-preview":"max-image-preview:large","max-video-preview":"max-video-preview:-1"},"canonical":"https:\/\/triadbrightfutures.org\/es\/support-childrens-learning\/","og_locale":"es_MX","og_type":"article","og_title":"Support Children's Learning - Triad Bright Futures","og_description":"Get tips, activities and ideas to make the most out of the early years! No matter what role we have in children\u2019s lives we all play an important part in their development. The PLAYbook is a great resource from Colorado&#8217;s Early Learning and Development Guidelines. Get tips and activities to support learning at every age! [&hellip;]","og_url":"https:\/\/triadbrightfutures.org\/es\/support-childrens-learning\/","og_site_name":"Triad Bright Futures","article_publisher":"https:\/\/www.facebook.com\/TriadBrightFutures\/","article_modified_time":"2024-04-29T20:02:08+00:00","og_image":[{"url":"https:\/\/triadbrightfutures.org\/wp-content\/uploads\/2021\/03\/015-educational-book.svg"}],"twitter_card":"summary_large_image","twitter_misc":{"Tiempo de lectura":"1 minuto"},"schema":{"@context":"https:\/\/schema.org","@graph":[{"@type":"WebPage","@id":"https:\/\/triadbrightfutures.org\/support-childrens-learning\/","url":"https:\/\/triadbrightfutures.org\/support-childrens-learning\/","name":"Support Children's Learning - Triad Bright Futures","isPartOf":{"@id":"https:\/\/triadbrightfutures.org\/#website"},"datePublished":"2019-10-22T02:16:18+00:00","dateModified":"2024-04-29T20:02:08+00:00","breadcrumb":{"@id":"https:\/\/triadbrightfutures.org\/support-childrens-learning\/#breadcrumb"},"inLanguage":"es-MX","potentialAction":[{"@type":"ReadAction","target":["https:\/\/triadbrightfutures.org\/support-childrens-learning\/"]}]},{"@type":"BreadcrumbList","@id":"https:\/\/triadbrightfutures.org\/support-childrens-learning\/#breadcrumb","itemListElement":[{"@type":"ListItem","position":1,"name":"Home","item":"https:\/\/triadbrightfutures.org\/"},{"@type":"ListItem","position":2,"name":"Support Children&#8217;s Learning"}]},{"@type":"WebSite","@id":"https:\/\/triadbrightfutures.org\/#website","url":"https:\/\/triadbrightfutures.org\/","name":"Triad Bright Futures","description":"","publisher":{"@id":"https:\/\/triadbrightfutures.org\/#organization"},"potentialAction":[{"@type":"SearchAction","target":{"@type":"EntryPoint","urlTemplate":"https:\/\/triadbrightfutures.org\/?s={search_term_string}"},"query-input":"required name=search_term_string"}],"inLanguage":"es-MX"},{"@type":"Organization","@id":"https:\/\/triadbrightfutures.org\/#organization","name":"Triad Bright Futures","url":"https:\/\/triadbrightfutures.org\/","logo":{"@type":"ImageObject","inLanguage":"es-MX","@id":"https:\/\/triadbrightfutures.org\/#\/schema\/logo\/image\/","url":"https:\/\/triadbrightfutures.org\/wp-content\/uploads\/2023\/02\/Triad_BrightFutures_Logo_Horiz_RGB-e1677602468189.png","contentUrl":"https:\/\/triadbrightfutures.org\/wp-content\/uploads\/2023\/02\/Triad_BrightFutures_Logo_Horiz_RGB-e1677602468189.png","width":250,"height":81,"caption":"Triad Bright Futures"},"image":{"@id":"https:\/\/triadbrightfutures.org\/#\/schema\/logo\/image\/"},"sameAs":["https:\/\/www.facebook.com\/TriadBrightFutures\/"]}]}},"_links":{"self":[{"href":"https:\/\/triadbrightfutures.org\/es\/wp-json\/wp\/v2\/pages\/671"}],"collection":[{"href":"https:\/\/triadbrightfutures.org\/es\/wp-json\/wp\/v2\/pages"}],"about":[{"href":"https:\/\/triadbrightfutures.org\/es\/wp-json\/wp\/v2\/types\/page"}],"author":[{"embeddable":true,"href":"https:\/\/triadbrightfutures.org\/es\/wp-json\/wp\/v2\/users\/1"}],"replies":[{"embeddable":true,"href":"https:\/\/triadbrightfutures.org\/es\/wp-json\/wp\/v2\/comments?post=671"}],"version-history":[{"count":1,"href":"https:\/\/triadbrightfutures.org\/es\/wp-json\/wp\/v2\/pages\/671\/revisions"}],"predecessor-version":[{"id":4497,"href":"https:\/\/triadbrightfutures.org\/es\/wp-json\/wp\/v2\/pages\/671\/revisions\/4497"}],"wp:attachment":[{"href":"https:\/\/triadbrightfutures.org\/es\/wp-json\/wp\/v2\/media?parent=671"}],"curies":[{"name":"wp","href":"https:\/\/api.w.org\/{rel}","templated":true}]}}