{"id":3964,"date":"2024-01-09T15:03:25","date_gmt":"2024-01-09T22:03:25","guid":{"rendered":"https:\/\/triadbrightfutures.org\/?page_id=3964"},"modified":"2026-04-01T10:44:27","modified_gmt":"2026-04-01T16:44:27","slug":"cornerstone-1","status":"publish","type":"page","link":"https:\/\/triadbrightfutures.org\/es\/cornerstone-1\/","title":{"rendered":"Piedra angular 1"},"content":{"rendered":"<p>Atenci\u00f3n y educaci\u00f3n temprana de calidad<\/p>\n<p>Las familias tienen una variedad de opciones de educaci\u00f3n y cuidado temprano de alta calidad que satisfacen sus necesidades, proporcionadas a trav\u00e9s de un sistema de prestaci\u00f3n mixta.<\/p>","protected":false},"excerpt":{"rendered":"<p>Atenci\u00f3n y educaci\u00f3n temprana de calidad Las familias tienen una variedad de opciones de educaci\u00f3n y atenci\u00f3n temprana de alta calidad que satisfacen sus necesidades, proporcionadas a trav\u00e9s de un sistema de prestaci\u00f3n mixta.<\/p>","protected":false},"author":2,"featured_media":0,"parent":0,"menu_order":0,"comment_status":"closed","ping_status":"closed","template":"template-blocks.php","meta":{"inline_featured_image":false,"footnotes":""},"acf":[],"yoast_head":"<!-- This site is optimized with the Yoast SEO plugin v21.4 - https:\/\/yoast.com\/wordpress\/plugins\/seo\/ -->\n<title>Cornerstone 1 - Triad Bright Futures<\/title>\n<meta name=\"robots\" content=\"index, follow, max-snippet:-1, max-image-preview:large, max-video-preview:-1\" \/>\n<link rel=\"canonical\" href=\"https:\/\/triadbrightfutures.org\/es\/cornerstone-1\/\" \/>\n<meta property=\"og:locale\" content=\"es_MX\" \/>\n<meta property=\"og:type\" content=\"article\" \/>\n<meta property=\"og:title\" content=\"Cornerstone 1 - Triad Bright Futures\" \/>\n<meta property=\"og:description\" content=\"Quality Early Care &amp; Education Families have a variety of high-quality early care and education options that meet their needs, provided through a mixed-delivery system\" \/>\n<meta property=\"og:url\" content=\"https:\/\/triadbrightfutures.org\/es\/cornerstone-1\/\" \/>\n<meta property=\"og:site_name\" content=\"Triad Bright Futures\" \/>\n<meta property=\"article:publisher\" content=\"https:\/\/www.facebook.com\/TriadBrightFutures\/\" \/>\n<meta property=\"article:modified_time\" content=\"2026-04-01T16:44:27+00:00\" \/>\n<meta name=\"twitter:card\" content=\"summary_large_image\" \/>\n<meta name=\"twitter:label1\" content=\"Tiempo de lectura\" \/>\n\t<meta name=\"twitter:data1\" content=\"1 minuto\" \/>\n<script type=\"application\/ld+json\" class=\"yoast-schema-graph\">{\"@context\":\"https:\/\/schema.org\",\"@graph\":[{\"@type\":\"WebPage\",\"@id\":\"https:\/\/triadbrightfutures.org\/cornerstone-1\/\",\"url\":\"https:\/\/triadbrightfutures.org\/cornerstone-1\/\",\"name\":\"Cornerstone 1 - Triad Bright Futures\",\"isPartOf\":{\"@id\":\"https:\/\/triadbrightfutures.org\/#website\"},\"datePublished\":\"2024-01-09T22:03:25+00:00\",\"dateModified\":\"2026-04-01T16:44:27+00:00\",\"breadcrumb\":{\"@id\":\"https:\/\/triadbrightfutures.org\/cornerstone-1\/#breadcrumb\"},\"inLanguage\":\"es-MX\",\"potentialAction\":[{\"@type\":\"ReadAction\",\"target\":[\"https:\/\/triadbrightfutures.org\/cornerstone-1\/\"]}]},{\"@type\":\"BreadcrumbList\",\"@id\":\"https:\/\/triadbrightfutures.org\/cornerstone-1\/#breadcrumb\",\"itemListElement\":[{\"@type\":\"ListItem\",\"position\":1,\"name\":\"Home\",\"item\":\"https:\/\/triadbrightfutures.org\/\"},{\"@type\":\"ListItem\",\"position\":2,\"name\":\"Cornerstone 1\"}]},{\"@type\":\"WebSite\",\"@id\":\"https:\/\/triadbrightfutures.org\/#website\",\"url\":\"https:\/\/triadbrightfutures.org\/\",\"name\":\"Triad Bright Futures\",\"description\":\"\",\"publisher\":{\"@id\":\"https:\/\/triadbrightfutures.org\/#organization\"},\"potentialAction\":[{\"@type\":\"SearchAction\",\"target\":{\"@type\":\"EntryPoint\",\"urlTemplate\":\"https:\/\/triadbrightfutures.org\/?s={search_term_string}\"},\"query-input\":\"required name=search_term_string\"}],\"inLanguage\":\"es-MX\"},{\"@type\":\"Organization\",\"@id\":\"https:\/\/triadbrightfutures.org\/#organization\",\"name\":\"Triad Bright Futures\",\"url\":\"https:\/\/triadbrightfutures.org\/\",\"logo\":{\"@type\":\"ImageObject\",\"inLanguage\":\"es-MX\",\"@id\":\"https:\/\/triadbrightfutures.org\/#\/schema\/logo\/image\/\",\"url\":\"https:\/\/triadbrightfutures.org\/wp-content\/uploads\/2023\/02\/Triad_BrightFutures_Logo_Horiz_RGB-e1677602468189.png\",\"contentUrl\":\"https:\/\/triadbrightfutures.org\/wp-content\/uploads\/2023\/02\/Triad_BrightFutures_Logo_Horiz_RGB-e1677602468189.png\",\"width\":250,\"height\":81,\"caption\":\"Triad Bright Futures\"},\"image\":{\"@id\":\"https:\/\/triadbrightfutures.org\/#\/schema\/logo\/image\/\"},\"sameAs\":[\"https:\/\/www.facebook.com\/TriadBrightFutures\/\"]}]}<\/script>\n<!-- \/ Yoast SEO plugin. -->","yoast_head_json":{"title":"Cornerstone 1 - Triad Bright Futures","robots":{"index":"index","follow":"follow","max-snippet":"max-snippet:-1","max-image-preview":"max-image-preview:large","max-video-preview":"max-video-preview:-1"},"canonical":"https:\/\/triadbrightfutures.org\/es\/cornerstone-1\/","og_locale":"es_MX","og_type":"article","og_title":"Cornerstone 1 - Triad Bright Futures","og_description":"Quality Early Care &amp; Education Families have a variety of high-quality early care and education options that meet their needs, provided through a mixed-delivery system","og_url":"https:\/\/triadbrightfutures.org\/es\/cornerstone-1\/","og_site_name":"Triad Bright Futures","article_publisher":"https:\/\/www.facebook.com\/TriadBrightFutures\/","article_modified_time":"2026-04-01T16:44:27+00:00","twitter_card":"summary_large_image","twitter_misc":{"Tiempo de lectura":"1 minuto"},"schema":{"@context":"https:\/\/schema.org","@graph":[{"@type":"WebPage","@id":"https:\/\/triadbrightfutures.org\/cornerstone-1\/","url":"https:\/\/triadbrightfutures.org\/cornerstone-1\/","name":"Cornerstone 1 - Triad Bright Futures","isPartOf":{"@id":"https:\/\/triadbrightfutures.org\/#website"},"datePublished":"2024-01-09T22:03:25+00:00","dateModified":"2026-04-01T16:44:27+00:00","breadcrumb":{"@id":"https:\/\/triadbrightfutures.org\/cornerstone-1\/#breadcrumb"},"inLanguage":"es-MX","potentialAction":[{"@type":"ReadAction","target":["https:\/\/triadbrightfutures.org\/cornerstone-1\/"]}]},{"@type":"BreadcrumbList","@id":"https:\/\/triadbrightfutures.org\/cornerstone-1\/#breadcrumb","itemListElement":[{"@type":"ListItem","position":1,"name":"Home","item":"https:\/\/triadbrightfutures.org\/"},{"@type":"ListItem","position":2,"name":"Cornerstone 1"}]},{"@type":"WebSite","@id":"https:\/\/triadbrightfutures.org\/#website","url":"https:\/\/triadbrightfutures.org\/","name":"Triad Bright Futures","description":"","publisher":{"@id":"https:\/\/triadbrightfutures.org\/#organization"},"potentialAction":[{"@type":"SearchAction","target":{"@type":"EntryPoint","urlTemplate":"https:\/\/triadbrightfutures.org\/?s={search_term_string}"},"query-input":"required name=search_term_string"}],"inLanguage":"es-MX"},{"@type":"Organization","@id":"https:\/\/triadbrightfutures.org\/#organization","name":"Triad Bright Futures","url":"https:\/\/triadbrightfutures.org\/","logo":{"@type":"ImageObject","inLanguage":"es-MX","@id":"https:\/\/triadbrightfutures.org\/#\/schema\/logo\/image\/","url":"https:\/\/triadbrightfutures.org\/wp-content\/uploads\/2023\/02\/Triad_BrightFutures_Logo_Horiz_RGB-e1677602468189.png","contentUrl":"https:\/\/triadbrightfutures.org\/wp-content\/uploads\/2023\/02\/Triad_BrightFutures_Logo_Horiz_RGB-e1677602468189.png","width":250,"height":81,"caption":"Triad Bright Futures"},"image":{"@id":"https:\/\/triadbrightfutures.org\/#\/schema\/logo\/image\/"},"sameAs":["https:\/\/www.facebook.com\/TriadBrightFutures\/"]}]}},"_links":{"self":[{"href":"https:\/\/triadbrightfutures.org\/es\/wp-json\/wp\/v2\/pages\/3964"}],"collection":[{"href":"https:\/\/triadbrightfutures.org\/es\/wp-json\/wp\/v2\/pages"}],"about":[{"href":"https:\/\/triadbrightfutures.org\/es\/wp-json\/wp\/v2\/types\/page"}],"author":[{"embeddable":true,"href":"https:\/\/triadbrightfutures.org\/es\/wp-json\/wp\/v2\/users\/2"}],"replies":[{"embeddable":true,"href":"https:\/\/triadbrightfutures.org\/es\/wp-json\/wp\/v2\/comments?post=3964"}],"version-history":[{"count":78,"href":"https:\/\/triadbrightfutures.org\/es\/wp-json\/wp\/v2\/pages\/3964\/revisions"}],"predecessor-version":[{"id":5846,"href":"https:\/\/triadbrightfutures.org\/es\/wp-json\/wp\/v2\/pages\/3964\/revisions\/5846"}],"wp:attachment":[{"href":"https:\/\/triadbrightfutures.org\/es\/wp-json\/wp\/v2\/media?parent=3964"}],"curies":[{"name":"wp","href":"https:\/\/api.w.org\/{rel}","templated":true}]}}