{"id":2340,"date":"2021-12-08T15:52:22","date_gmt":"2021-12-08T22:52:22","guid":{"rendered":"https:\/\/jeffcofamiliescolorado.org\/?page_id=2340"},"modified":"2022-03-08T11:02:44","modified_gmt":"2022-03-08T18:02:44","slug":"education-support","status":"publish","type":"page","link":"https:\/\/triadbrightfutures.org\/es\/education-support\/","title":{"rendered":"Apoyo a la educaci\u00f3n"},"content":{"rendered":"<p class=\"display-4\">Apoyo educativo para ni\u00f1os en las escuelas p\u00fablicas del condado de Jefferson<\/p>\n<p>Muchos ni\u00f1os necesitan apoyo adicional para su desarrollo en los primeros a\u00f1os. Algunos ni\u00f1os seguir\u00e1n necesitando apoyo cuando ingresen a la escuela.<\/p>\n<p>Para los ni\u00f1os que califican para apoyo educativo adicional, el sistema escolar p\u00fablico PreK-12 proporcionar\u00e1 instrucci\u00f3n, apoyo y servicios especiales para que cada ni\u00f1o pueda tener \u00e9xito y alcanzar su m\u00e1ximo potencial. Estos apoyos se proporcionan sin costo alguno para la familia.<\/p>\n<p>A menudo, los diferentes tipos de planes de apoyo utilizan acr\u00f3nimos que suenan similares y pueden resultar confusos para las familias: IFSP, IEP, plan 504.<\/p>\n<p>Explore esta p\u00e1gina para comprender estos diferentes planes educativos y de desarrollo.<\/p>","protected":false},"excerpt":{"rendered":"<p>Apoyo educativo para ni\u00f1os en las escuelas p\u00fablicas del condado de Jefferson Muchos ni\u00f1os necesitan apoyo adicional para su desarrollo en los primeros a\u00f1os. Algunos ni\u00f1os seguir\u00e1n necesitando apoyo cuando ingresen a la escuela. Para los ni\u00f1os que califican para apoyo educativo adicional, el sistema escolar p\u00fablico PreK-12 proporcionar\u00e1 instrucci\u00f3n especial, apoyo y servicios para que cada ni\u00f1o [\u2026]<\/p>","protected":false},"author":2,"featured_media":1647,"parent":0,"menu_order":0,"comment_status":"closed","ping_status":"closed","template":"template-flexible-content.php","meta":{"inline_featured_image":false,"footnotes":""},"acf":[],"yoast_head":"<!-- This site is optimized with the Yoast SEO plugin v21.4 - https:\/\/yoast.com\/wordpress\/plugins\/seo\/ -->\n<title>Education Support - Triad Bright Futures<\/title>\n<meta name=\"robots\" content=\"index, follow, max-snippet:-1, max-image-preview:large, max-video-preview:-1\" \/>\n<link rel=\"canonical\" href=\"https:\/\/triadbrightfutures.org\/es\/education-support\/\" \/>\n<meta property=\"og:locale\" content=\"es_MX\" \/>\n<meta property=\"og:type\" content=\"article\" \/>\n<meta property=\"og:title\" content=\"Education Support - Triad Bright Futures\" \/>\n<meta property=\"og:description\" content=\"Educational Support for Children in Jefferson County Public Schools Many children need extra support for their development in the early years. Some children will continue to need support as they enter school. For children who qualify for extra educational support, the public PreK-12 school system will provide special instruction, support and services so each child [&hellip;]\" \/>\n<meta property=\"og:url\" content=\"https:\/\/triadbrightfutures.org\/es\/education-support\/\" \/>\n<meta property=\"og:site_name\" content=\"Triad Bright Futures\" \/>\n<meta property=\"article:publisher\" content=\"https:\/\/www.facebook.com\/TriadBrightFutures\/\" \/>\n<meta property=\"article:modified_time\" content=\"2022-03-08T18:02:44+00:00\" \/>\n<meta property=\"og:image\" content=\"https:\/\/triadbrightfutures.org\/wp-content\/uploads\/2020\/12\/iStock-1145327821.jpg\" \/>\n\t<meta property=\"og:image:width\" content=\"1384\" \/>\n\t<meta property=\"og:image:height\" content=\"924\" \/>\n\t<meta property=\"og:image:type\" content=\"image\/jpeg\" \/>\n<meta name=\"twitter:card\" content=\"summary_large_image\" \/>\n<meta name=\"twitter:label1\" content=\"Tiempo de lectura\" \/>\n\t<meta name=\"twitter:data1\" content=\"1 minuto\" \/>\n<script type=\"application\/ld+json\" class=\"yoast-schema-graph\">{\"@context\":\"https:\/\/schema.org\",\"@graph\":[{\"@type\":\"WebPage\",\"@id\":\"https:\/\/triadbrightfutures.org\/education-support\/\",\"url\":\"https:\/\/triadbrightfutures.org\/education-support\/\",\"name\":\"Education Support - Triad Bright Futures\",\"isPartOf\":{\"@id\":\"https:\/\/triadbrightfutures.org\/#website\"},\"datePublished\":\"2021-12-08T22:52:22+00:00\",\"dateModified\":\"2022-03-08T18:02:44+00:00\",\"breadcrumb\":{\"@id\":\"https:\/\/triadbrightfutures.org\/education-support\/#breadcrumb\"},\"inLanguage\":\"es-MX\",\"potentialAction\":[{\"@type\":\"ReadAction\",\"target\":[\"https:\/\/triadbrightfutures.org\/education-support\/\"]}]},{\"@type\":\"BreadcrumbList\",\"@id\":\"https:\/\/triadbrightfutures.org\/education-support\/#breadcrumb\",\"itemListElement\":[{\"@type\":\"ListItem\",\"position\":1,\"name\":\"Home\",\"item\":\"https:\/\/triadbrightfutures.org\/\"},{\"@type\":\"ListItem\",\"position\":2,\"name\":\"Education Support\"}]},{\"@type\":\"WebSite\",\"@id\":\"https:\/\/triadbrightfutures.org\/#website\",\"url\":\"https:\/\/triadbrightfutures.org\/\",\"name\":\"Triad Bright Futures\",\"description\":\"\",\"publisher\":{\"@id\":\"https:\/\/triadbrightfutures.org\/#organization\"},\"potentialAction\":[{\"@type\":\"SearchAction\",\"target\":{\"@type\":\"EntryPoint\",\"urlTemplate\":\"https:\/\/triadbrightfutures.org\/?s={search_term_string}\"},\"query-input\":\"required name=search_term_string\"}],\"inLanguage\":\"es-MX\"},{\"@type\":\"Organization\",\"@id\":\"https:\/\/triadbrightfutures.org\/#organization\",\"name\":\"Triad Bright Futures\",\"url\":\"https:\/\/triadbrightfutures.org\/\",\"logo\":{\"@type\":\"ImageObject\",\"inLanguage\":\"es-MX\",\"@id\":\"https:\/\/triadbrightfutures.org\/#\/schema\/logo\/image\/\",\"url\":\"https:\/\/triadbrightfutures.org\/wp-content\/uploads\/2023\/02\/Triad_BrightFutures_Logo_Horiz_RGB-e1677602468189.png\",\"contentUrl\":\"https:\/\/triadbrightfutures.org\/wp-content\/uploads\/2023\/02\/Triad_BrightFutures_Logo_Horiz_RGB-e1677602468189.png\",\"width\":250,\"height\":81,\"caption\":\"Triad Bright Futures\"},\"image\":{\"@id\":\"https:\/\/triadbrightfutures.org\/#\/schema\/logo\/image\/\"},\"sameAs\":[\"https:\/\/www.facebook.com\/TriadBrightFutures\/\"]}]}<\/script>\n<!-- \/ Yoast SEO plugin. -->","yoast_head_json":{"title":"Education Support - Triad Bright Futures","robots":{"index":"index","follow":"follow","max-snippet":"max-snippet:-1","max-image-preview":"max-image-preview:large","max-video-preview":"max-video-preview:-1"},"canonical":"https:\/\/triadbrightfutures.org\/es\/education-support\/","og_locale":"es_MX","og_type":"article","og_title":"Education Support - Triad Bright Futures","og_description":"Educational Support for Children in Jefferson County Public Schools Many children need extra support for their development in the early years. Some children will continue to need support as they enter school. For children who qualify for extra educational support, the public PreK-12 school system will provide special instruction, support and services so each child [&hellip;]","og_url":"https:\/\/triadbrightfutures.org\/es\/education-support\/","og_site_name":"Triad Bright Futures","article_publisher":"https:\/\/www.facebook.com\/TriadBrightFutures\/","article_modified_time":"2022-03-08T18:02:44+00:00","og_image":[{"width":1384,"height":924,"url":"https:\/\/triadbrightfutures.org\/wp-content\/uploads\/2020\/12\/iStock-1145327821.jpg","type":"image\/jpeg"}],"twitter_card":"summary_large_image","twitter_misc":{"Tiempo de lectura":"1 minuto"},"schema":{"@context":"https:\/\/schema.org","@graph":[{"@type":"WebPage","@id":"https:\/\/triadbrightfutures.org\/education-support\/","url":"https:\/\/triadbrightfutures.org\/education-support\/","name":"Education Support - Triad Bright Futures","isPartOf":{"@id":"https:\/\/triadbrightfutures.org\/#website"},"datePublished":"2021-12-08T22:52:22+00:00","dateModified":"2022-03-08T18:02:44+00:00","breadcrumb":{"@id":"https:\/\/triadbrightfutures.org\/education-support\/#breadcrumb"},"inLanguage":"es-MX","potentialAction":[{"@type":"ReadAction","target":["https:\/\/triadbrightfutures.org\/education-support\/"]}]},{"@type":"BreadcrumbList","@id":"https:\/\/triadbrightfutures.org\/education-support\/#breadcrumb","itemListElement":[{"@type":"ListItem","position":1,"name":"Home","item":"https:\/\/triadbrightfutures.org\/"},{"@type":"ListItem","position":2,"name":"Education Support"}]},{"@type":"WebSite","@id":"https:\/\/triadbrightfutures.org\/#website","url":"https:\/\/triadbrightfutures.org\/","name":"Triad Bright Futures","description":"","publisher":{"@id":"https:\/\/triadbrightfutures.org\/#organization"},"potentialAction":[{"@type":"SearchAction","target":{"@type":"EntryPoint","urlTemplate":"https:\/\/triadbrightfutures.org\/?s={search_term_string}"},"query-input":"required name=search_term_string"}],"inLanguage":"es-MX"},{"@type":"Organization","@id":"https:\/\/triadbrightfutures.org\/#organization","name":"Triad Bright Futures","url":"https:\/\/triadbrightfutures.org\/","logo":{"@type":"ImageObject","inLanguage":"es-MX","@id":"https:\/\/triadbrightfutures.org\/#\/schema\/logo\/image\/","url":"https:\/\/triadbrightfutures.org\/wp-content\/uploads\/2023\/02\/Triad_BrightFutures_Logo_Horiz_RGB-e1677602468189.png","contentUrl":"https:\/\/triadbrightfutures.org\/wp-content\/uploads\/2023\/02\/Triad_BrightFutures_Logo_Horiz_RGB-e1677602468189.png","width":250,"height":81,"caption":"Triad Bright Futures"},"image":{"@id":"https:\/\/triadbrightfutures.org\/#\/schema\/logo\/image\/"},"sameAs":["https:\/\/www.facebook.com\/TriadBrightFutures\/"]}]}},"_links":{"self":[{"href":"https:\/\/triadbrightfutures.org\/es\/wp-json\/wp\/v2\/pages\/2340"}],"collection":[{"href":"https:\/\/triadbrightfutures.org\/es\/wp-json\/wp\/v2\/pages"}],"about":[{"href":"https:\/\/triadbrightfutures.org\/es\/wp-json\/wp\/v2\/types\/page"}],"author":[{"embeddable":true,"href":"https:\/\/triadbrightfutures.org\/es\/wp-json\/wp\/v2\/users\/2"}],"replies":[{"embeddable":true,"href":"https:\/\/triadbrightfutures.org\/es\/wp-json\/wp\/v2\/comments?post=2340"}],"version-history":[{"count":0,"href":"https:\/\/triadbrightfutures.org\/es\/wp-json\/wp\/v2\/pages\/2340\/revisions"}],"wp:featuredmedia":[{"embeddable":true,"href":"https:\/\/triadbrightfutures.org\/es\/wp-json\/wp\/v2\/media\/1647"}],"wp:attachment":[{"href":"https:\/\/triadbrightfutures.org\/es\/wp-json\/wp\/v2\/media?parent=2340"}],"curies":[{"name":"wp","href":"https:\/\/api.w.org\/{rel}","templated":true}]}}