{"id":2038,"date":"2021-03-16T12:44:39","date_gmt":"2021-03-16T18:44:39","guid":{"rendered":"https:\/\/jeffcofamiliescolorado.org\/?page_id=2038"},"modified":"2022-09-13T15:24:37","modified_gmt":"2022-09-13T21:24:37","slug":"support-social-emotional-learning","status":"publish","type":"page","link":"https:\/\/triadbrightfutures.org\/es\/support-social-emotional-learning\/","title":{"rendered":"Apoyar el aprendizaje socioemocional"},"content":{"rendered":"<p class=\"display-5\">Las relaciones amorosas con usted y con otros adultos son la base del desarrollo socioemocional saludable de los ni\u00f1os.<\/p>\n<p class=\"display-5\">Estos recursos descargables pueden ayudar a las familias a comprender c\u00f3mo podemos apoyar el desarrollo socioemocional de los ni\u00f1os a trav\u00e9s de nuestras interacciones y relaciones cotidianas.<\/p>\n<div class=\"call-to-action has-icon\">\n<p class=\"display-5\"><img decoding=\"async\" loading=\"lazy\" class=\"alignnone size-medium wp-image-2023\" src=\"https:\/\/triadbrightfutures.org\/wp-content\/uploads\/2021\/03\/029-safety-pin.svg\" alt=\"\" width=\"512\" height=\"512\" \/>Desde el nacimiento hasta los 8 meses<\/p>\n<p>Los beb\u00e9s de 0 a 8 meses est\u00e1n desarrollando un sentido de confianza y seguridad con los padres y cuidadores.<\/p>\n<p><a class=\"button\" href=\"https:\/\/triadbrightfutures.org\/wp-content\/uploads\/2023\/10\/Desarrollo-socioemocional-0-8meses-1.pdf\" target=\"_blank\" rel=\"noopener\">Inf\u00f3rmese<\/a><\/p>\n<\/div>\n<div class=\"call-to-action has-icon palette-color-purple\">\n<p class=\"display-5\"><img decoding=\"async\" loading=\"lazy\" class=\"alignnone size-medium wp-image-1980\" src=\"https:\/\/triadbrightfutures.org\/wp-content\/uploads\/2021\/02\/033-stacking.svg\" alt=\"\" width=\"512\" height=\"512\" \/>9-18 meses<\/p>\n<p>Los ni\u00f1os de 9 a 18 meses est\u00e1n aprendiendo a interactuar con los adultos y contin\u00faan construyendo relaciones de confianza con los cuidadores. Buscan el consuelo de mam\u00e1, pap\u00e1 u otro cuidador cercano si est\u00e1n cansados o infelices.<\/p>\n<p><a class=\"button\" href=\"https:\/\/triadbrightfutures.org\/wp-content\/uploads\/2023\/10\/Desarrollo-socioemocional_9-18-meses-1.pdf\" target=\"_blank\" rel=\"noopener\">Inf\u00f3rmese\u00a0<\/a><\/p>\n<\/div>\n<div class=\"call-to-action palette-color-navy has-icon\">\n<p class=\"display-5\">19-36 meses<\/p>\n<p>Los ni\u00f1os de 19 a 36 meses est\u00e1n comenzando a jugar con otros ni\u00f1os, en lugar de solo a su lado. Est\u00e1n comenzando a compararse con los dem\u00e1s.<\/p>\n<p><a class=\"button\" href=\"https:\/\/triadbrightfutures.org\/wp-content\/uploads\/2023\/10\/Desarrollo-socioemocional-19-36-meses-1.pdf\" target=\"_blank\" rel=\"noopener\">Inf\u00f3rmese\u00a0<\/a><\/p>\n<p><img decoding=\"async\" loading=\"lazy\" class=\"alignnone size-medium wp-image-1981\" src=\"https:\/\/triadbrightfutures.org\/wp-content\/uploads\/2021\/02\/037-duck.svg\" alt=\"\" width=\"512\" height=\"512\" \/><\/p>\n<\/div>\n<div class=\"call-to-action palette-color-red has-icon\">\n<p class=\"display-5\"><img decoding=\"async\" loading=\"lazy\" class=\"alignnone size-medium wp-image-2022\" src=\"https:\/\/triadbrightfutures.org\/wp-content\/uploads\/2021\/03\/017-bicycle.svg\" alt=\"\" width=\"512\" height=\"512\" \/>3-5 a\u00f1os<\/p>\n<p>Los ni\u00f1os de 3 a 5 a\u00f1os est\u00e1n haciendo amigos y est\u00e1n aprendiendo a ayudar, compartir, turnarse y resolver problemas, pero todav\u00eda necesitan muchos recordatorios y apoyo.<\/p>\n<p><a class=\"button\" href=\"https:\/\/triadbrightfutures.org\/wp-content\/uploads\/2023\/10\/Desarrollo-socioemocional_3-5years-1.pdf\" target=\"_blank\" rel=\"noopener\">Inf\u00f3rmese<\/a><\/p>\n<\/div>\n<div class=\"call-to-action has-icon palette-color-green\">\n<p class=\"display-5\"><img decoding=\"async\" loading=\"lazy\" class=\"alignnone size-medium wp-image-1969\" src=\"https:\/\/triadbrightfutures.org\/wp-content\/uploads\/2021\/03\/038-open-book.svg\" alt=\"\" width=\"512\" height=\"512\" \/>5-8 a\u00f1os<\/p>\n<p>A esta edad, los ni\u00f1os contin\u00faan aprendiendo habilidades que proporcionan una base s\u00f3lida para el aprendizaje permanente. Est\u00e1n aprendiendo a hablar y escribir sobre sus pensamientos e ideas.<\/p>\n<p><a class=\"button\" href=\"https:\/\/triadbrightfutures.org\/wp-content\/uploads\/2023\/10\/Desarrollo-socioemocional_5-8years.pdf\" target=\"_blank\" rel=\"noopener\">Inf\u00f3rmese\u00a0<\/a><\/p>\n<\/div>","protected":false},"excerpt":{"rendered":"<p>Las relaciones amorosas con usted y otros adultos son la base del desarrollo social y emocional saludable de los ni\u00f1os. Estos recursos descargables pueden ayudar a las familias a comprender c\u00f3mo podemos apoyar el desarrollo socioemocional de los ni\u00f1os a trav\u00e9s de nuestras interacciones y relaciones cotidianas. Desde el nacimiento hasta los 8 meses Los beb\u00e9s de 0 a 8 meses est\u00e1n desarrollando un sentido de confianza y seguridad con los padres y cuidadores. [\u2026]<\/p>","protected":false},"author":2,"featured_media":0,"parent":0,"menu_order":0,"comment_status":"closed","ping_status":"closed","template":"template-flexible-content.php","meta":{"inline_featured_image":false,"footnotes":""},"acf":[],"yoast_head":"<!-- This site is optimized with the Yoast SEO plugin v21.4 - https:\/\/yoast.com\/wordpress\/plugins\/seo\/ -->\n<title>Support Social-Emotional Learning - Triad Bright Futures<\/title>\n<meta name=\"robots\" content=\"index, follow, max-snippet:-1, max-image-preview:large, max-video-preview:-1\" \/>\n<link rel=\"canonical\" href=\"https:\/\/triadbrightfutures.org\/es\/support-social-emotional-learning\/\" \/>\n<meta property=\"og:locale\" content=\"es_MX\" \/>\n<meta property=\"og:type\" content=\"article\" \/>\n<meta property=\"og:title\" content=\"Support Social-Emotional Learning - Triad Bright Futures\" \/>\n<meta property=\"og:description\" content=\"Loving relationships with you and other adults are the foundation of children\u2019s healthy social-emotional development. These downloadable resources can help families understand how we can support children&#8217;s social-emotional development through our everyday interactions and relationships. Birth to 8 months Babies age 0-8 months are developing a sense of trust and security with parents and caregivers. [&hellip;]\" \/>\n<meta property=\"og:url\" content=\"https:\/\/triadbrightfutures.org\/es\/support-social-emotional-learning\/\" \/>\n<meta property=\"og:site_name\" content=\"Triad Bright Futures\" \/>\n<meta property=\"article:publisher\" content=\"https:\/\/www.facebook.com\/TriadBrightFutures\/\" \/>\n<meta property=\"article:modified_time\" content=\"2022-09-13T21:24:37+00:00\" \/>\n<meta property=\"og:image\" content=\"https:\/\/triadbrightfutures.org\/wp-content\/uploads\/2021\/03\/029-safety-pin.svg\" \/>\n<meta name=\"twitter:card\" content=\"summary_large_image\" \/>\n<meta name=\"twitter:label1\" content=\"Tiempo de lectura\" \/>\n\t<meta name=\"twitter:data1\" content=\"1 minuto\" \/>\n<script type=\"application\/ld+json\" class=\"yoast-schema-graph\">{\"@context\":\"https:\/\/schema.org\",\"@graph\":[{\"@type\":\"WebPage\",\"@id\":\"https:\/\/triadbrightfutures.org\/support-social-emotional-learning\/\",\"url\":\"https:\/\/triadbrightfutures.org\/support-social-emotional-learning\/\",\"name\":\"Support Social-Emotional Learning - Triad Bright Futures\",\"isPartOf\":{\"@id\":\"https:\/\/triadbrightfutures.org\/#website\"},\"datePublished\":\"2021-03-16T18:44:39+00:00\",\"dateModified\":\"2022-09-13T21:24:37+00:00\",\"breadcrumb\":{\"@id\":\"https:\/\/triadbrightfutures.org\/support-social-emotional-learning\/#breadcrumb\"},\"inLanguage\":\"es-MX\",\"potentialAction\":[{\"@type\":\"ReadAction\",\"target\":[\"https:\/\/triadbrightfutures.org\/support-social-emotional-learning\/\"]}]},{\"@type\":\"BreadcrumbList\",\"@id\":\"https:\/\/triadbrightfutures.org\/support-social-emotional-learning\/#breadcrumb\",\"itemListElement\":[{\"@type\":\"ListItem\",\"position\":1,\"name\":\"Home\",\"item\":\"https:\/\/triadbrightfutures.org\/\"},{\"@type\":\"ListItem\",\"position\":2,\"name\":\"Support Social-Emotional Learning\"}]},{\"@type\":\"WebSite\",\"@id\":\"https:\/\/triadbrightfutures.org\/#website\",\"url\":\"https:\/\/triadbrightfutures.org\/\",\"name\":\"Triad Bright Futures\",\"description\":\"\",\"publisher\":{\"@id\":\"https:\/\/triadbrightfutures.org\/#organization\"},\"potentialAction\":[{\"@type\":\"SearchAction\",\"target\":{\"@type\":\"EntryPoint\",\"urlTemplate\":\"https:\/\/triadbrightfutures.org\/?s={search_term_string}\"},\"query-input\":\"required name=search_term_string\"}],\"inLanguage\":\"es-MX\"},{\"@type\":\"Organization\",\"@id\":\"https:\/\/triadbrightfutures.org\/#organization\",\"name\":\"Triad Bright Futures\",\"url\":\"https:\/\/triadbrightfutures.org\/\",\"logo\":{\"@type\":\"ImageObject\",\"inLanguage\":\"es-MX\",\"@id\":\"https:\/\/triadbrightfutures.org\/#\/schema\/logo\/image\/\",\"url\":\"https:\/\/triadbrightfutures.org\/wp-content\/uploads\/2023\/02\/Triad_BrightFutures_Logo_Horiz_RGB-e1677602468189.png\",\"contentUrl\":\"https:\/\/triadbrightfutures.org\/wp-content\/uploads\/2023\/02\/Triad_BrightFutures_Logo_Horiz_RGB-e1677602468189.png\",\"width\":250,\"height\":81,\"caption\":\"Triad Bright Futures\"},\"image\":{\"@id\":\"https:\/\/triadbrightfutures.org\/#\/schema\/logo\/image\/\"},\"sameAs\":[\"https:\/\/www.facebook.com\/TriadBrightFutures\/\"]}]}<\/script>\n<!-- \/ Yoast SEO plugin. -->","yoast_head_json":{"title":"Support Social-Emotional Learning - Triad Bright Futures","robots":{"index":"index","follow":"follow","max-snippet":"max-snippet:-1","max-image-preview":"max-image-preview:large","max-video-preview":"max-video-preview:-1"},"canonical":"https:\/\/triadbrightfutures.org\/es\/support-social-emotional-learning\/","og_locale":"es_MX","og_type":"article","og_title":"Support Social-Emotional Learning - Triad Bright Futures","og_description":"Loving relationships with you and other adults are the foundation of children\u2019s healthy social-emotional development. These downloadable resources can help families understand how we can support children&#8217;s social-emotional development through our everyday interactions and relationships. Birth to 8 months Babies age 0-8 months are developing a sense of trust and security with parents and caregivers. [&hellip;]","og_url":"https:\/\/triadbrightfutures.org\/es\/support-social-emotional-learning\/","og_site_name":"Triad Bright Futures","article_publisher":"https:\/\/www.facebook.com\/TriadBrightFutures\/","article_modified_time":"2022-09-13T21:24:37+00:00","og_image":[{"url":"https:\/\/triadbrightfutures.org\/wp-content\/uploads\/2021\/03\/029-safety-pin.svg"}],"twitter_card":"summary_large_image","twitter_misc":{"Tiempo de lectura":"1 minuto"},"schema":{"@context":"https:\/\/schema.org","@graph":[{"@type":"WebPage","@id":"https:\/\/triadbrightfutures.org\/support-social-emotional-learning\/","url":"https:\/\/triadbrightfutures.org\/support-social-emotional-learning\/","name":"Support Social-Emotional Learning - Triad Bright Futures","isPartOf":{"@id":"https:\/\/triadbrightfutures.org\/#website"},"datePublished":"2021-03-16T18:44:39+00:00","dateModified":"2022-09-13T21:24:37+00:00","breadcrumb":{"@id":"https:\/\/triadbrightfutures.org\/support-social-emotional-learning\/#breadcrumb"},"inLanguage":"es-MX","potentialAction":[{"@type":"ReadAction","target":["https:\/\/triadbrightfutures.org\/support-social-emotional-learning\/"]}]},{"@type":"BreadcrumbList","@id":"https:\/\/triadbrightfutures.org\/support-social-emotional-learning\/#breadcrumb","itemListElement":[{"@type":"ListItem","position":1,"name":"Home","item":"https:\/\/triadbrightfutures.org\/"},{"@type":"ListItem","position":2,"name":"Support Social-Emotional Learning"}]},{"@type":"WebSite","@id":"https:\/\/triadbrightfutures.org\/#website","url":"https:\/\/triadbrightfutures.org\/","name":"Triad Bright Futures","description":"","publisher":{"@id":"https:\/\/triadbrightfutures.org\/#organization"},"potentialAction":[{"@type":"SearchAction","target":{"@type":"EntryPoint","urlTemplate":"https:\/\/triadbrightfutures.org\/?s={search_term_string}"},"query-input":"required name=search_term_string"}],"inLanguage":"es-MX"},{"@type":"Organization","@id":"https:\/\/triadbrightfutures.org\/#organization","name":"Triad Bright Futures","url":"https:\/\/triadbrightfutures.org\/","logo":{"@type":"ImageObject","inLanguage":"es-MX","@id":"https:\/\/triadbrightfutures.org\/#\/schema\/logo\/image\/","url":"https:\/\/triadbrightfutures.org\/wp-content\/uploads\/2023\/02\/Triad_BrightFutures_Logo_Horiz_RGB-e1677602468189.png","contentUrl":"https:\/\/triadbrightfutures.org\/wp-content\/uploads\/2023\/02\/Triad_BrightFutures_Logo_Horiz_RGB-e1677602468189.png","width":250,"height":81,"caption":"Triad Bright Futures"},"image":{"@id":"https:\/\/triadbrightfutures.org\/#\/schema\/logo\/image\/"},"sameAs":["https:\/\/www.facebook.com\/TriadBrightFutures\/"]}]}},"_links":{"self":[{"href":"https:\/\/triadbrightfutures.org\/es\/wp-json\/wp\/v2\/pages\/2038"}],"collection":[{"href":"https:\/\/triadbrightfutures.org\/es\/wp-json\/wp\/v2\/pages"}],"about":[{"href":"https:\/\/triadbrightfutures.org\/es\/wp-json\/wp\/v2\/types\/page"}],"author":[{"embeddable":true,"href":"https:\/\/triadbrightfutures.org\/es\/wp-json\/wp\/v2\/users\/2"}],"replies":[{"embeddable":true,"href":"https:\/\/triadbrightfutures.org\/es\/wp-json\/wp\/v2\/comments?post=2038"}],"version-history":[{"count":0,"href":"https:\/\/triadbrightfutures.org\/es\/wp-json\/wp\/v2\/pages\/2038\/revisions"}],"wp:attachment":[{"href":"https:\/\/triadbrightfutures.org\/es\/wp-json\/wp\/v2\/media?parent=2038"}],"curies":[{"name":"wp","href":"https:\/\/api.w.org\/{rel}","templated":true}]}}