{"id":1788,"date":"2021-02-03T13:58:14","date_gmt":"2021-02-03T20:58:14","guid":{"rendered":"https:\/\/jeffcofamiliescolorado.org\/?page_id=1788"},"modified":"2021-05-12T11:58:22","modified_gmt":"2021-05-12T17:58:22","slug":"library-events","status":"publish","type":"page","link":"https:\/\/triadbrightfutures.org\/es\/events\/library-events\/","title":{"rendered":"Eventos de la biblioteca"},"content":{"rendered":"<h1><span style=\"font-weight: 400;\">Programas virtuales en la Biblioteca P\u00fablica de Jeffco Mantenga a su familia conectada<\/span><\/h1>\n<p><span style=\"font-weight: 400;\">\u00a1La Biblioteca P\u00fablica del Condado de Jefferson (JCPL) apoya a nuestra comunidad con programas virtuales gratuitos y de alta calidad sobre una variedad de temas para ni\u00f1os, adolescentes y adultos!\u00a0<\/span><\/p>\n<p><span style=\"font-weight: 400;\">Desde la hora del cuento para ni\u00f1os peque\u00f1os hasta talleres de carreras y tecnolog\u00eda para adolescentes y adultos, \u00a1todos en la familia encontrar\u00e1n diversi\u00f3n en los programas virtuales de JCPL!\u00a0<\/span><\/p>\n<p><span style=\"font-weight: 400;\">Las 10 ubicaciones de JCPL son <\/span><a href=\"https:\/\/jeffcolibrary.org\/service-updates\/?_ga=2.39672992.2090169150.1619205106-792876747.1618936818\" target=\"_blank\" rel=\"noopener\"><span style=\"font-weight: 400;\">ofreciendo servicios en la acera y sin cita previa<\/span><\/a><span style=\"font-weight: 400;\"> (aunque todas las clases todav\u00eda est\u00e1n en l\u00ednea). Estamos tomando precauciones para mantener a todos a salvo.\u00a0<\/span><\/p>\n<p><span style=\"font-weight: 400;\">Echa un vistazo a algunos de los programas de JCPL a continuaci\u00f3n y visita el <\/span><a href=\"https:\/\/jeffcolibrary.bibliocommons.com\/events\/search\/index\" target=\"_blank\" rel=\"noopener\"><span style=\"font-weight: 400;\">Eventos<\/span><\/a><span style=\"font-weight: 400;\"> para inscribirte en tu pr\u00f3xima actividad virtual.\u00a0<\/span><\/p>\n<p class=\"display-4 heading-month\"><b>Programas para <\/b><b>Ni\u00f1os \u2013 Edades 0-12<\/b><\/p>\n<p><b>Baby\/Toddler\/Preschool\/Story Time (Disponible en espa\u00f1ol e ingl\u00e9s):<\/b><span style=\"font-weight: 400;\"> Su hijo puede unirse a la diversi\u00f3n mientras <\/span><a href=\"https:\/\/jeffcolibrary.bibliocommons.com\/events\/search\/q=story%20time\" target=\"_blank\" rel=\"noopener\"><span style=\"font-weight: 400;\">desarrollando su mente en crecimiento<\/span><\/a><span style=\"font-weight: 400;\"> a trav\u00e9s del canto, el baile y la rima.\u00a0<\/span><\/p>\n<p><b>Artes marciales para ni\u00f1os:<\/b><span style=\"font-weight: 400;\"> Una forma divertida e interactiva de <\/span><a href=\"https:\/\/jeffcolibrary.bibliocommons.com\/events\/search\/q=martial%20arts\" target=\"_blank\" rel=\"noopener\"><span style=\"font-weight: 400;\">haz que tu hijo se mueva<\/span><\/a><span style=\"font-weight: 400;\">! No se necesita experiencia para esta clase de artes marciales para principiantes. Todos son bienvenidos a unirse.\u00a0<\/span><\/p>\n<p><b>Mostrar y contar mascotas:<\/b><span style=\"font-weight: 400;\"> \u00bfTu hijo ama a los animales? cada semana ni\u00f1os <\/span><a href=\"https:\/\/jeffcolibrary.bibliocommons.com\/events\/search\/q=pet%20show%20and%20tell\" target=\"_blank\" rel=\"noopener\"><span style=\"font-weight: 400;\">aprender sobre nuevos animales<\/span><\/a><span style=\"font-weight: 400;\"> \u00a1y pueden presumir de sus amigos peludos al grupo! <\/span><\/p>\n<p><b>Viernes tardes de manualidades:<\/b><span style=\"font-weight: 400;\"> Los ni\u00f1os encuentran a sus artesanos internos cada semana mientras crean un proyecto de manualidades en casa. un nuevo <\/span><a href=\"https:\/\/jeffcolibrary.bibliocommons.com\/events\/search\/q=crafternoons&amp;fq=audiences:(5982266b3006ded52b40938f)\" target=\"_blank\" rel=\"noopener\"><span style=\"font-weight: 400;\">tema cada semana<\/span><\/a><span style=\"font-weight: 400;\"> ayuda a expandir el conocimiento y las habilidades de elaboraci\u00f3n.\u00a0<\/span><\/p>\n<p><b>Club de lectura de j\u00f3venes lectores:<\/b><span style=\"font-weight: 400;\"> Un club de lectura virtual ayuda a los ni\u00f1os a compartir sus libros favoritos relacionados con un <\/span><a href=\"https:\/\/jeffcolibrary.bibliocommons.com\/events\/search\/fq=audiences:(5982266b3006ded52b40938f)&amp;fq=types:(59973380a45bca3f00045101)\" target=\"_blank\" rel=\"noopener\"><span style=\"font-weight: 400;\">tema semanal<\/span><\/a><span style=\"font-weight: 400;\"> y crea algo divertido tambi\u00e9n despu\u00e9s de cada discusi\u00f3n.\u00a0<\/span><\/p>\n<p class=\"display-4 heading-month\"><a href=\"https:\/\/jeffcolibrary.org\/teens\/\" target=\"_blank\" rel=\"noopener\"><b>Programas para <\/b><b>Adolescentes<\/b><\/a><b> \u2013 Edades 12-18<\/b><\/p>\n<p><b>Meditaci\u00f3n de media ma\u00f1ana:<\/b><span style=\"font-weight: 400;\"> \u00bfSu adolescente necesita una manera de reducir el estr\u00e9s? El Centro Jefferson para la Salud Mental ofrece una <\/span><a href=\"https:\/\/jeffcolibrary.bibliocommons.com\/events\/search\/q=mid-morning%20meditation&amp;fq=audiences:(5982266b3006ded52b409392)\" target=\"_blank\" rel=\"noopener\"><span style=\"font-weight: 400;\">meditaci\u00f3n de llamada<\/span><\/a><span style=\"font-weight: 400;\"> que alienta a los adolescentes a aquietar sus mentes y abordar el d\u00eda desde un lugar tranquilo.<\/span><\/p>\n<p><b>Escol\u00e1stico \u00a1VAMOS!: <\/b><a href=\"https:\/\/jeffcolibrary.org\/teens\/\" target=\"_blank\" rel=\"noopener\"><span style=\"font-weight: 400;\">Explorar<\/span><\/a><span style=\"font-weight: 400;\"> \u00a1videos sobre muchas materias del plan de estudios b\u00e1sico de la escuela, busque noticias mundiales y navegue por un atlas interactivo!\u00a0<\/span><\/p>\n<p><b>Dragones y mazmorras virtuales para principiantes:<\/b><span style=\"font-weight: 400;\"> Los amantes de las aventuras de fantas\u00eda \u00e9pica est\u00e1n invitados a <\/span><a href=\"https:\/\/jeffcolibrary.bibliocommons.com\/events\/60918001e595a645009cf3af?_ga=2.218032277.224462080.1620168155-1839534326.1610640225\" target=\"_blank\" rel=\"noopener\"><span style=\"font-weight: 400;\">tira los dados con aventureros de ideas afines<\/span><\/a><span style=\"font-weight: 400;\">!<\/span><\/p>\n<p><b>Library Summer Challenge (en espa\u00f1ol e ingl\u00e9s):<\/b><span style=\"font-weight: 400;\"> Este desaf\u00edo incluye <\/span><a href=\"https:\/\/jeffcolibrary.org\/summer-challenge\/\" target=\"_blank\" rel=\"noopener\"><span style=\"font-weight: 400;\">Varias actividades<\/span><\/a><span style=\"font-weight: 400;\">,<\/span><span style=\"font-weight: 400;\"> \u00a1incluyendo un concurso de escritura para adolescentes, para mantener las mentes y los cuerpos de los adolescentes ocupados durante todo el verano!\u00a0<\/span><\/p>\n<p class=\"display-4 heading-month\"><b>Programas para <\/b><b>Adultos\u00a0<\/b><\/p>\n<p><b>Mentes activas:<\/b><span style=\"font-weight: 400;\"> Mant\u00e9ngase conectado con otros y mantenga su mente ocupada con este programa \u00fanico que presenta un <\/span><a href=\"https:\/\/jeffcolibrary.bibliocommons.com\/events\/search\/q=active%20minds&amp;fq=audiences:(5982266b3006ded52b409392)&amp;fq=program:(59cda4ff9e1ad52f00ee98f8)\" target=\"_blank\" rel=\"noopener\"><span style=\"font-weight: 400;\">nuevo tema<\/span><\/a><span style=\"font-weight: 400;\"> cada semana relacionada con eventos actuales, historia o el mundo natural.<\/span><\/p>\n<p><b>Acelere su carrera:<\/b><span style=\"font-weight: 400;\"> A <\/span><a href=\"https:\/\/jeffcolibrary.bibliocommons.com\/events\/search\/q=accelerate%20your%20career&amp;fq=audiences:(5982266b3006ded52b409392)\" target=\"_blank\" rel=\"noopener\"><span style=\"font-weight: 400;\">serie de talleres<\/span><\/a><span style=\"font-weight: 400;\"> dirigido por el Centro de Negocios y Fuerza Laboral del Condado de Jefferson lo ayuda a llevar su carrera al siguiente nivel. Los temas van desde la preparaci\u00f3n para entrevistas, el uso de LinkedIn para los negocios y la elaboraci\u00f3n de un curr\u00edculum para prepararse para el \u00e9xito.\u00a0<\/span><\/p>\n<p><b>Taller de escritura en tiempos dif\u00edciles:<\/b><span style=\"font-weight: 400;\"> Encuentra un semanario <\/span><a href=\"https:\/\/jeffcolibrary.bibliocommons.com\/events\/search\/q=hard%20times%20&amp;fq=audiences:(5982266b3006ded52b409392)\" target=\"_blank\" rel=\"noopener\"><span style=\"font-weight: 400;\">taller de escritura<\/span><\/a><span style=\"font-weight: 400;\"> ofreciendo una comunidad de apoyo y segura para que cuentes tu historia y proceses experiencias personales desafiantes.<\/span><\/p>\n<p><b>Clases de Tecnolog\u00eda (Disponible en Espa\u00f1ol e Ingl\u00e9s):<\/b><span style=\"font-weight: 400;\"> Mejore sus habilidades en Google Docs, Microsoft Excel, Microsoft Word, correo electr\u00f3nico y m\u00e1s con <a href=\"https:\/\/jeffcolibrary.bibliocommons.com\/events\/search\/q=technology%20classes&amp;fq=audiences:(5982266b3006ded52b409392)\" target=\"_blank\" rel=\"noopener\">estas clases de tecnolog\u00eda. <\/a><\/span><span style=\"font-weight: 400;\">\u00a0<\/span><\/p>\n<p><b>Trivia de preguntas y cervezas:<\/b><span style=\"font-weight: 400;\"> \u00danase a un grupo divertido para un <\/span><a href=\"https:\/\/jeffcolibrary.bibliocommons.com\/events\/search\/q=brews&amp;fq=audiences:(5982266b3006ded52b409392)\" target=\"_blank\" rel=\"noopener\"><span style=\"font-weight: 400;\">Versi\u00f3n Zoom de tu trivia de bar favorita<\/span><\/a><span style=\"font-weight: 400;\">. Las bebidas son opcionales, \u00a1pero prep\u00e1rate para desaf\u00edos intelectuales!<\/span><\/p>\n<p><b>Viernes de acondicionamiento mental:<\/b><span style=\"font-weight: 400;\"> Conc\u00e9ntrate en tu <\/span><a href=\"https:\/\/jeffcolibrary.bibliocommons.com\/events\/search\/q=brews&amp;fq=audiences:(5982266b3006ded52b409392)\" target=\"_blank\" rel=\"noopener\"><span style=\"font-weight: 400;\">salud mental todos los viernes por la ma\u00f1ana<\/span><\/a><span style=\"font-weight: 400;\"> con esta sesi\u00f3n dirigida por el Centro Jefferson para la Salud Mental. Cubriendo temas desde la atenci\u00f3n plena hasta la escucha activa, este programa brinda estrategias y consejos para ayudarlo en momentos dif\u00edciles.\u00a0<\/span><\/p>\n<p class=\"display-4\"><b>Mantente conectado<\/b><\/p>\n<p><span style=\"font-weight: 400;\">Si bien la comunidad se est\u00e1 abriendo lentamente, los programas JCPL brindan una excelente manera de socializar mientras se mantiene seguro.<\/span><\/p>\n<p><span style=\"font-weight: 400;\">Es muy importante mantener los c\u00edrculos sociales y mantener el contacto con nuestra comunidad mientras navegamos por esta pandemia. \u00a1Hay tantas oportunidades para conectarse con su comunidad a trav\u00e9s de la programaci\u00f3n virtual gratuita de la Biblioteca que esperamos que se sumerja de inmediato!<\/span><\/p>\n<div class=\"call-to-action has-icon\">\n<p class=\"display-4\"><b>Informaci\u00f3n sobre COVID-19<\/b><\/p>\n<p><span style=\"font-weight: 400;\"><img decoding=\"async\" loading=\"lazy\" class=\"alignnone size-medium wp-image-1961\" src=\"https:\/\/triadbrightfutures.org\/wp-content\/uploads\/2021\/03\/015-educational-book.svg\" alt=\"\" width=\"512\" height=\"512\" \/><img decoding=\"async\" loading=\"lazy\" class=\"alignnone size-medium wp-image-1961\" src=\"https:\/\/triadbrightfutures.org\/wp-content\/uploads\/2021\/03\/015-educational-book.svg\" alt=\"\" width=\"512\" height=\"512\" \/>La Biblioteca P\u00fablica del Condado de Jefferson est\u00e1 tomando las siguientes precauciones de COVID-19 en cada una de sus 10 ubicaciones para garantizar que los visitantes de la Biblioteca est\u00e9n seguros y c\u00f3modos:\u00a0<\/span><\/p>\n<ul>\n<li style=\"font-weight: 400;\" aria-level=\"1\"><span style=\"font-weight: 400;\">distanciamiento f\u00edsico<\/span><\/li>\n<li style=\"font-weight: 400;\" aria-level=\"1\"><span style=\"font-weight: 400;\">Protocolos de limpieza avanzados<\/span><\/li>\n<li style=\"font-weight: 400;\" aria-level=\"1\"><span style=\"font-weight: 400;\">Capacidad limitada para servicios sin cita previa<br \/>\n<\/span><\/li>\n<\/ul>\n<p><span style=\"font-weight: 400;\"><br \/>\nTodas las ubicaciones de la biblioteca est\u00e1n abiertas para servicios en la acera y muchos sitios ofrecen servicios sin cita previa. Hay un l\u00edmite de tiempo de una hora para todos los servicios sin cita previa para acomodar a la mayor cantidad de personas posible. Se requieren m\u00e1scaras para todos los visitantes mayores de 11 a\u00f1os.<br \/>\n<\/span><\/p>\n<p><a href=\"https:\/\/jeffcolibrary.org\/service-updates\/?_ga=2.39672992.2090169150.1619205106-792876747.1618936818\" target=\"_blank\" rel=\"noopener\"><span style=\"font-weight: 400;\">Aqu\u00ed hay una lista de horarios e informaci\u00f3n de la biblioteca.<\/span><\/a><\/p>\n<\/div>","protected":false},"excerpt":{"rendered":"<p>Programas virtuales en la biblioteca p\u00fablica de Jeffco Mantenga a su familia conectada La biblioteca p\u00fablica del condado de Jefferson (JCPL) apoya a nuestra comunidad con programas virtuales gratuitos y de alta calidad sobre una variedad de temas para ni\u00f1os, adolescentes y adultos. Desde la hora del cuento para ni\u00f1os peque\u00f1os hasta talleres de carreras y tecnolog\u00eda para adolescentes y adultos, todos en la familia encontrar\u00e1n [\u2026]<\/p>","protected":false},"author":2,"featured_media":1790,"parent":731,"menu_order":0,"comment_status":"closed","ping_status":"closed","template":"template-flexible-content.php","meta":{"inline_featured_image":false,"footnotes":""},"acf":[],"yoast_head":"<!-- This site is optimized with the Yoast SEO plugin v21.4 - https:\/\/yoast.com\/wordpress\/plugins\/seo\/ -->\n<title>Library Events - Triad Bright Futures<\/title>\n<meta name=\"robots\" content=\"index, follow, max-snippet:-1, max-image-preview:large, max-video-preview:-1\" \/>\n<link rel=\"canonical\" href=\"https:\/\/triadbrightfutures.org\/es\/events\/library-events\/\" \/>\n<meta property=\"og:locale\" content=\"es_MX\" \/>\n<meta property=\"og:type\" content=\"article\" \/>\n<meta property=\"og:title\" content=\"Library Events - Triad Bright Futures\" \/>\n<meta property=\"og:description\" content=\"Virtual Programs at Jeffco Public Library Keep Your Family Connected Jefferson County Public Library (JCPL) supports our community with free, high-quality, virtual programs on a variety of topics for children, teens, and adults!\u00a0 From story time for little kids to career and technology workshops for teens and adults \u2014 everyone in the family will find [&hellip;]\" \/>\n<meta property=\"og:url\" content=\"https:\/\/triadbrightfutures.org\/es\/events\/library-events\/\" \/>\n<meta property=\"og:site_name\" content=\"Triad Bright Futures\" \/>\n<meta property=\"article:publisher\" content=\"https:\/\/www.facebook.com\/TriadBrightFutures\/\" \/>\n<meta property=\"article:modified_time\" content=\"2021-05-12T17:58:22+00:00\" \/>\n<meta property=\"og:image\" content=\"https:\/\/triadbrightfutures.org\/wp-content\/uploads\/2021\/02\/baby-reading-book.jpg\" \/>\n\t<meta property=\"og:image:width\" content=\"1386\" \/>\n\t<meta property=\"og:image:height\" content=\"924\" \/>\n\t<meta property=\"og:image:type\" content=\"image\/jpeg\" \/>\n<meta name=\"twitter:card\" content=\"summary_large_image\" \/>\n<meta name=\"twitter:label1\" content=\"Tiempo de lectura\" \/>\n\t<meta name=\"twitter:data1\" content=\"3 minutos\" \/>\n<script type=\"application\/ld+json\" class=\"yoast-schema-graph\">{\"@context\":\"https:\/\/schema.org\",\"@graph\":[{\"@type\":\"WebPage\",\"@id\":\"https:\/\/triadbrightfutures.org\/events\/library-events\/\",\"url\":\"https:\/\/triadbrightfutures.org\/events\/library-events\/\",\"name\":\"Library Events - Triad Bright Futures\",\"isPartOf\":{\"@id\":\"https:\/\/triadbrightfutures.org\/#website\"},\"datePublished\":\"2021-02-03T20:58:14+00:00\",\"dateModified\":\"2021-05-12T17:58:22+00:00\",\"breadcrumb\":{\"@id\":\"https:\/\/triadbrightfutures.org\/events\/library-events\/#breadcrumb\"},\"inLanguage\":\"es-MX\",\"potentialAction\":[{\"@type\":\"ReadAction\",\"target\":[\"https:\/\/triadbrightfutures.org\/events\/library-events\/\"]}]},{\"@type\":\"BreadcrumbList\",\"@id\":\"https:\/\/triadbrightfutures.org\/events\/library-events\/#breadcrumb\",\"itemListElement\":[{\"@type\":\"ListItem\",\"position\":1,\"name\":\"Home\",\"item\":\"https:\/\/triadbrightfutures.org\/\"},{\"@type\":\"ListItem\",\"position\":2,\"name\":\"Events\",\"item\":\"https:\/\/triadbrightfutures.org\/events\/\"},{\"@type\":\"ListItem\",\"position\":3,\"name\":\"Library Events\"}]},{\"@type\":\"WebSite\",\"@id\":\"https:\/\/triadbrightfutures.org\/#website\",\"url\":\"https:\/\/triadbrightfutures.org\/\",\"name\":\"Triad Bright Futures\",\"description\":\"\",\"publisher\":{\"@id\":\"https:\/\/triadbrightfutures.org\/#organization\"},\"potentialAction\":[{\"@type\":\"SearchAction\",\"target\":{\"@type\":\"EntryPoint\",\"urlTemplate\":\"https:\/\/triadbrightfutures.org\/?s={search_term_string}\"},\"query-input\":\"required name=search_term_string\"}],\"inLanguage\":\"es-MX\"},{\"@type\":\"Organization\",\"@id\":\"https:\/\/triadbrightfutures.org\/#organization\",\"name\":\"Triad Bright Futures\",\"url\":\"https:\/\/triadbrightfutures.org\/\",\"logo\":{\"@type\":\"ImageObject\",\"inLanguage\":\"es-MX\",\"@id\":\"https:\/\/triadbrightfutures.org\/#\/schema\/logo\/image\/\",\"url\":\"https:\/\/triadbrightfutures.org\/wp-content\/uploads\/2023\/02\/Triad_BrightFutures_Logo_Horiz_RGB-e1677602468189.png\",\"contentUrl\":\"https:\/\/triadbrightfutures.org\/wp-content\/uploads\/2023\/02\/Triad_BrightFutures_Logo_Horiz_RGB-e1677602468189.png\",\"width\":250,\"height\":81,\"caption\":\"Triad Bright Futures\"},\"image\":{\"@id\":\"https:\/\/triadbrightfutures.org\/#\/schema\/logo\/image\/\"},\"sameAs\":[\"https:\/\/www.facebook.com\/TriadBrightFutures\/\"]}]}<\/script>\n<!-- \/ Yoast SEO plugin. -->","yoast_head_json":{"title":"Library Events - Triad Bright Futures","robots":{"index":"index","follow":"follow","max-snippet":"max-snippet:-1","max-image-preview":"max-image-preview:large","max-video-preview":"max-video-preview:-1"},"canonical":"https:\/\/triadbrightfutures.org\/es\/events\/library-events\/","og_locale":"es_MX","og_type":"article","og_title":"Library Events - Triad Bright Futures","og_description":"Virtual Programs at Jeffco Public Library Keep Your Family Connected Jefferson County Public Library (JCPL) supports our community with free, high-quality, virtual programs on a variety of topics for children, teens, and adults!\u00a0 From story time for little kids to career and technology workshops for teens and adults \u2014 everyone in the family will find [&hellip;]","og_url":"https:\/\/triadbrightfutures.org\/es\/events\/library-events\/","og_site_name":"Triad Bright Futures","article_publisher":"https:\/\/www.facebook.com\/TriadBrightFutures\/","article_modified_time":"2021-05-12T17:58:22+00:00","og_image":[{"width":1386,"height":924,"url":"https:\/\/triadbrightfutures.org\/wp-content\/uploads\/2021\/02\/baby-reading-book.jpg","type":"image\/jpeg"}],"twitter_card":"summary_large_image","twitter_misc":{"Tiempo de lectura":"3 minutos"},"schema":{"@context":"https:\/\/schema.org","@graph":[{"@type":"WebPage","@id":"https:\/\/triadbrightfutures.org\/events\/library-events\/","url":"https:\/\/triadbrightfutures.org\/events\/library-events\/","name":"Library Events - Triad Bright Futures","isPartOf":{"@id":"https:\/\/triadbrightfutures.org\/#website"},"datePublished":"2021-02-03T20:58:14+00:00","dateModified":"2021-05-12T17:58:22+00:00","breadcrumb":{"@id":"https:\/\/triadbrightfutures.org\/events\/library-events\/#breadcrumb"},"inLanguage":"es-MX","potentialAction":[{"@type":"ReadAction","target":["https:\/\/triadbrightfutures.org\/events\/library-events\/"]}]},{"@type":"BreadcrumbList","@id":"https:\/\/triadbrightfutures.org\/events\/library-events\/#breadcrumb","itemListElement":[{"@type":"ListItem","position":1,"name":"Home","item":"https:\/\/triadbrightfutures.org\/"},{"@type":"ListItem","position":2,"name":"Events","item":"https:\/\/triadbrightfutures.org\/events\/"},{"@type":"ListItem","position":3,"name":"Library Events"}]},{"@type":"WebSite","@id":"https:\/\/triadbrightfutures.org\/#website","url":"https:\/\/triadbrightfutures.org\/","name":"Triad Bright Futures","description":"","publisher":{"@id":"https:\/\/triadbrightfutures.org\/#organization"},"potentialAction":[{"@type":"SearchAction","target":{"@type":"EntryPoint","urlTemplate":"https:\/\/triadbrightfutures.org\/?s={search_term_string}"},"query-input":"required name=search_term_string"}],"inLanguage":"es-MX"},{"@type":"Organization","@id":"https:\/\/triadbrightfutures.org\/#organization","name":"Triad Bright Futures","url":"https:\/\/triadbrightfutures.org\/","logo":{"@type":"ImageObject","inLanguage":"es-MX","@id":"https:\/\/triadbrightfutures.org\/#\/schema\/logo\/image\/","url":"https:\/\/triadbrightfutures.org\/wp-content\/uploads\/2023\/02\/Triad_BrightFutures_Logo_Horiz_RGB-e1677602468189.png","contentUrl":"https:\/\/triadbrightfutures.org\/wp-content\/uploads\/2023\/02\/Triad_BrightFutures_Logo_Horiz_RGB-e1677602468189.png","width":250,"height":81,"caption":"Triad Bright Futures"},"image":{"@id":"https:\/\/triadbrightfutures.org\/#\/schema\/logo\/image\/"},"sameAs":["https:\/\/www.facebook.com\/TriadBrightFutures\/"]}]}},"_links":{"self":[{"href":"https:\/\/triadbrightfutures.org\/es\/wp-json\/wp\/v2\/pages\/1788"}],"collection":[{"href":"https:\/\/triadbrightfutures.org\/es\/wp-json\/wp\/v2\/pages"}],"about":[{"href":"https:\/\/triadbrightfutures.org\/es\/wp-json\/wp\/v2\/types\/page"}],"author":[{"embeddable":true,"href":"https:\/\/triadbrightfutures.org\/es\/wp-json\/wp\/v2\/users\/2"}],"replies":[{"embeddable":true,"href":"https:\/\/triadbrightfutures.org\/es\/wp-json\/wp\/v2\/comments?post=1788"}],"version-history":[{"count":0,"href":"https:\/\/triadbrightfutures.org\/es\/wp-json\/wp\/v2\/pages\/1788\/revisions"}],"up":[{"embeddable":true,"href":"https:\/\/triadbrightfutures.org\/es\/wp-json\/wp\/v2\/pages\/731"}],"wp:featuredmedia":[{"embeddable":true,"href":"https:\/\/triadbrightfutures.org\/es\/wp-json\/wp\/v2\/media\/1790"}],"wp:attachment":[{"href":"https:\/\/triadbrightfutures.org\/es\/wp-json\/wp\/v2\/media?parent=1788"}],"curies":[{"name":"wp","href":"https:\/\/api.w.org\/{rel}","templated":true}]}}