{"id":1042,"date":"2019-10-30T19:57:38","date_gmt":"2019-10-31T01:57:38","guid":{"rendered":"https:\/\/new.jeffcofamiliescolorado.org\/?page_id=1042"},"modified":"2023-05-31T11:43:42","modified_gmt":"2023-05-31T17:43:42","slug":"bilingual-family-navigator","status":"publish","type":"page","link":"https:\/\/triadbrightfutures.org\/es\/bilingual-family-navigator\/","title":{"rendered":"Navegador familiar biling\u00fce"},"content":{"rendered":"<p class=\"display-4\">Su conexi\u00f3n con el apoyo y los recursos locales para padres<\/p>\n<p>La crianza de los hijos es dif\u00edcil, \u00a1y todos necesitamos el apoyo de la comunidad para criar a nuestros hijos!<\/p>\n<p><span style=\"font-weight: 400;\">La gran noticia es que hay muchos diferentes <a href=\"https:\/\/triadbrightfutures.org\/es\/home-visiting-programs\/\">programas de apoyo a los padres<\/a> en el condado de Jefferson que ofrecen apoyo gratuito, confidencial y sin prejuicios. Cada programa es un poco diferente. Seg\u00fan el tipo de apoyo e informaci\u00f3n que est\u00e9 buscando, el Family Navigator biling\u00fce puede conectarlo con el programa adecuado.\u00a0<\/span><\/p>\n<p>Necesitas ayuda\u2026<\/p>\n<ul>\n<li><span style=\"font-weight: 400;\">\u00bfPara manejar el comportamiento de su hijo?\u00a0<\/span><\/li>\n<li><span style=\"font-weight: 400;\">\u00bfEst\u00e1 buscando atenci\u00f3n m\u00e9dica o atenci\u00f3n de salud mental?\u00a0<\/span><\/li>\n<li><span style=\"font-weight: 400;\">\u00bfPara recibir servicios educativos o de desarrollo para su hijo?\u00a0\u00a0<\/span><\/li>\n<li><span style=\"font-weight: 400;\">\u00bfBusca bancos de alimentos, asistencia para el alquiler o los servicios p\u00fablicos, ropa o pa\u00f1ales?<\/span><\/li>\n<\/ul>\n<div class=\"call-to-action has-icon\">\n<p class=\"display-5\" style=\"text-align: center;\"><img decoding=\"async\" loading=\"lazy\" class=\"alignnone size-medium wp-image-1965\" src=\"https:\/\/triadbrightfutures.org\/wp-content\/uploads\/2021\/03\/023-search.svg\" alt=\"\" width=\"465\" height=\"465\" \/>Sea cual sea su pregunta, la navegadora biling\u00fce puede conectarlo con la respuesta.<\/p>\n<p style=\"text-align: center;\">Complete este breve formulario y Jeffco Family Navigator se comunicar\u00e1 con usted.<\/p>\n<p style=\"text-align: center;\"><a class=\"button\" href=\"https:\/\/jcphrc.jeffco.us\/surveys\/?s=YLCHRFLDD8\" target=\"_blank\" rel=\"noopener\">EMPEZAR<\/a><\/p>\n<\/div>","protected":false},"excerpt":{"rendered":"<p>Su conexi\u00f3n con el apoyo y los recursos locales para la crianza de los hijos La crianza de los hijos es dif\u00edcil, \u00a1y todos necesitamos el apoyo de la comunidad para criar a nuestros hijos! La buena noticia es que hay muchos programas diferentes de apoyo para padres en el condado de Jefferson que ofrecen apoyo gratuito, confidencial y sin prejuicios. Cada programa es un poco diferente. Dependiendo de qu\u00e9 [\u2026]<\/p>","protected":false},"author":2,"featured_media":0,"parent":0,"menu_order":0,"comment_status":"closed","ping_status":"closed","template":"template-flexible-content.php","meta":{"inline_featured_image":false,"footnotes":""},"acf":[],"yoast_head":"<!-- This site is optimized with the Yoast SEO plugin v21.4 - https:\/\/yoast.com\/wordpress\/plugins\/seo\/ -->\n<title>Bilingual Family Navigator - Triad Bright Futures<\/title>\n<meta name=\"robots\" content=\"index, follow, max-snippet:-1, max-image-preview:large, max-video-preview:-1\" \/>\n<link rel=\"canonical\" href=\"https:\/\/triadbrightfutures.org\/es\/bilingual-family-navigator\/\" \/>\n<meta property=\"og:locale\" content=\"es_MX\" \/>\n<meta property=\"og:type\" content=\"article\" \/>\n<meta property=\"og:title\" content=\"Bilingual Family Navigator - Triad Bright Futures\" \/>\n<meta property=\"og:description\" content=\"Your Connection to Local Parenting Support and Resources Parenting is hard &#8212; and we all need support from the community to raise our kids! The great news is that there are many different parenting support programs in Jefferson County that offer free, confidential, and non-judgmental support. Each program is a little different. Depending on what [&hellip;]\" \/>\n<meta property=\"og:url\" content=\"https:\/\/triadbrightfutures.org\/es\/bilingual-family-navigator\/\" \/>\n<meta property=\"og:site_name\" content=\"Triad Bright Futures\" \/>\n<meta property=\"article:publisher\" content=\"https:\/\/www.facebook.com\/TriadBrightFutures\/\" \/>\n<meta property=\"article:modified_time\" content=\"2023-05-31T17:43:42+00:00\" \/>\n<meta property=\"og:image\" content=\"https:\/\/triadbrightfutures.org\/wp-content\/uploads\/2021\/03\/023-search.svg\" \/>\n<meta name=\"twitter:card\" content=\"summary_large_image\" \/>\n<meta name=\"twitter:label1\" content=\"Tiempo de lectura\" \/>\n\t<meta name=\"twitter:data1\" content=\"1 minuto\" \/>\n<script type=\"application\/ld+json\" class=\"yoast-schema-graph\">{\"@context\":\"https:\/\/schema.org\",\"@graph\":[{\"@type\":\"WebPage\",\"@id\":\"https:\/\/triadbrightfutures.org\/bilingual-family-navigator\/\",\"url\":\"https:\/\/triadbrightfutures.org\/bilingual-family-navigator\/\",\"name\":\"Bilingual Family Navigator - Triad Bright Futures\",\"isPartOf\":{\"@id\":\"https:\/\/triadbrightfutures.org\/#website\"},\"datePublished\":\"2019-10-31T01:57:38+00:00\",\"dateModified\":\"2023-05-31T17:43:42+00:00\",\"breadcrumb\":{\"@id\":\"https:\/\/triadbrightfutures.org\/bilingual-family-navigator\/#breadcrumb\"},\"inLanguage\":\"es-MX\",\"potentialAction\":[{\"@type\":\"ReadAction\",\"target\":[\"https:\/\/triadbrightfutures.org\/bilingual-family-navigator\/\"]}]},{\"@type\":\"BreadcrumbList\",\"@id\":\"https:\/\/triadbrightfutures.org\/bilingual-family-navigator\/#breadcrumb\",\"itemListElement\":[{\"@type\":\"ListItem\",\"position\":1,\"name\":\"Home\",\"item\":\"https:\/\/triadbrightfutures.org\/\"},{\"@type\":\"ListItem\",\"position\":2,\"name\":\"Bilingual Family Navigator\"}]},{\"@type\":\"WebSite\",\"@id\":\"https:\/\/triadbrightfutures.org\/#website\",\"url\":\"https:\/\/triadbrightfutures.org\/\",\"name\":\"Triad Bright Futures\",\"description\":\"\",\"publisher\":{\"@id\":\"https:\/\/triadbrightfutures.org\/#organization\"},\"potentialAction\":[{\"@type\":\"SearchAction\",\"target\":{\"@type\":\"EntryPoint\",\"urlTemplate\":\"https:\/\/triadbrightfutures.org\/?s={search_term_string}\"},\"query-input\":\"required name=search_term_string\"}],\"inLanguage\":\"es-MX\"},{\"@type\":\"Organization\",\"@id\":\"https:\/\/triadbrightfutures.org\/#organization\",\"name\":\"Triad Bright Futures\",\"url\":\"https:\/\/triadbrightfutures.org\/\",\"logo\":{\"@type\":\"ImageObject\",\"inLanguage\":\"es-MX\",\"@id\":\"https:\/\/triadbrightfutures.org\/#\/schema\/logo\/image\/\",\"url\":\"https:\/\/triadbrightfutures.org\/wp-content\/uploads\/2023\/02\/Triad_BrightFutures_Logo_Horiz_RGB-e1677602468189.png\",\"contentUrl\":\"https:\/\/triadbrightfutures.org\/wp-content\/uploads\/2023\/02\/Triad_BrightFutures_Logo_Horiz_RGB-e1677602468189.png\",\"width\":250,\"height\":81,\"caption\":\"Triad Bright Futures\"},\"image\":{\"@id\":\"https:\/\/triadbrightfutures.org\/#\/schema\/logo\/image\/\"},\"sameAs\":[\"https:\/\/www.facebook.com\/TriadBrightFutures\/\"]}]}<\/script>\n<!-- \/ Yoast SEO plugin. -->","yoast_head_json":{"title":"Bilingual Family Navigator - Triad Bright Futures","robots":{"index":"index","follow":"follow","max-snippet":"max-snippet:-1","max-image-preview":"max-image-preview:large","max-video-preview":"max-video-preview:-1"},"canonical":"https:\/\/triadbrightfutures.org\/es\/bilingual-family-navigator\/","og_locale":"es_MX","og_type":"article","og_title":"Bilingual Family Navigator - Triad Bright Futures","og_description":"Your Connection to Local Parenting Support and Resources Parenting is hard &#8212; and we all need support from the community to raise our kids! The great news is that there are many different parenting support programs in Jefferson County that offer free, confidential, and non-judgmental support. Each program is a little different. Depending on what [&hellip;]","og_url":"https:\/\/triadbrightfutures.org\/es\/bilingual-family-navigator\/","og_site_name":"Triad Bright Futures","article_publisher":"https:\/\/www.facebook.com\/TriadBrightFutures\/","article_modified_time":"2023-05-31T17:43:42+00:00","og_image":[{"url":"https:\/\/triadbrightfutures.org\/wp-content\/uploads\/2021\/03\/023-search.svg"}],"twitter_card":"summary_large_image","twitter_misc":{"Tiempo de lectura":"1 minuto"},"schema":{"@context":"https:\/\/schema.org","@graph":[{"@type":"WebPage","@id":"https:\/\/triadbrightfutures.org\/bilingual-family-navigator\/","url":"https:\/\/triadbrightfutures.org\/bilingual-family-navigator\/","name":"Bilingual Family Navigator - Triad Bright Futures","isPartOf":{"@id":"https:\/\/triadbrightfutures.org\/#website"},"datePublished":"2019-10-31T01:57:38+00:00","dateModified":"2023-05-31T17:43:42+00:00","breadcrumb":{"@id":"https:\/\/triadbrightfutures.org\/bilingual-family-navigator\/#breadcrumb"},"inLanguage":"es-MX","potentialAction":[{"@type":"ReadAction","target":["https:\/\/triadbrightfutures.org\/bilingual-family-navigator\/"]}]},{"@type":"BreadcrumbList","@id":"https:\/\/triadbrightfutures.org\/bilingual-family-navigator\/#breadcrumb","itemListElement":[{"@type":"ListItem","position":1,"name":"Home","item":"https:\/\/triadbrightfutures.org\/"},{"@type":"ListItem","position":2,"name":"Bilingual Family Navigator"}]},{"@type":"WebSite","@id":"https:\/\/triadbrightfutures.org\/#website","url":"https:\/\/triadbrightfutures.org\/","name":"Triad Bright Futures","description":"","publisher":{"@id":"https:\/\/triadbrightfutures.org\/#organization"},"potentialAction":[{"@type":"SearchAction","target":{"@type":"EntryPoint","urlTemplate":"https:\/\/triadbrightfutures.org\/?s={search_term_string}"},"query-input":"required name=search_term_string"}],"inLanguage":"es-MX"},{"@type":"Organization","@id":"https:\/\/triadbrightfutures.org\/#organization","name":"Triad Bright Futures","url":"https:\/\/triadbrightfutures.org\/","logo":{"@type":"ImageObject","inLanguage":"es-MX","@id":"https:\/\/triadbrightfutures.org\/#\/schema\/logo\/image\/","url":"https:\/\/triadbrightfutures.org\/wp-content\/uploads\/2023\/02\/Triad_BrightFutures_Logo_Horiz_RGB-e1677602468189.png","contentUrl":"https:\/\/triadbrightfutures.org\/wp-content\/uploads\/2023\/02\/Triad_BrightFutures_Logo_Horiz_RGB-e1677602468189.png","width":250,"height":81,"caption":"Triad Bright Futures"},"image":{"@id":"https:\/\/triadbrightfutures.org\/#\/schema\/logo\/image\/"},"sameAs":["https:\/\/www.facebook.com\/TriadBrightFutures\/"]}]}},"_links":{"self":[{"href":"https:\/\/triadbrightfutures.org\/es\/wp-json\/wp\/v2\/pages\/1042"}],"collection":[{"href":"https:\/\/triadbrightfutures.org\/es\/wp-json\/wp\/v2\/pages"}],"about":[{"href":"https:\/\/triadbrightfutures.org\/es\/wp-json\/wp\/v2\/types\/page"}],"author":[{"embeddable":true,"href":"https:\/\/triadbrightfutures.org\/es\/wp-json\/wp\/v2\/users\/2"}],"replies":[{"embeddable":true,"href":"https:\/\/triadbrightfutures.org\/es\/wp-json\/wp\/v2\/comments?post=1042"}],"version-history":[{"count":1,"href":"https:\/\/triadbrightfutures.org\/es\/wp-json\/wp\/v2\/pages\/1042\/revisions"}],"predecessor-version":[{"id":3077,"href":"https:\/\/triadbrightfutures.org\/es\/wp-json\/wp\/v2\/pages\/1042\/revisions\/3077"}],"wp:attachment":[{"href":"https:\/\/triadbrightfutures.org\/es\/wp-json\/wp\/v2\/media?parent=1042"}],"curies":[{"name":"wp","href":"https:\/\/api.w.org\/{rel}","templated":true}]}}